{"id":8560,"date":"2022-04-19T09:18:23","date_gmt":"2022-04-19T09:18:23","guid":{"rendered":"https:\/\/orangepadel.com\/politica-de-privacidad\/"},"modified":"2024-10-21T10:07:03","modified_gmt":"2024-10-21T10:07:03","slug":"politica-de-privacidad","status":"publish","type":"page","link":"https:\/\/orangepadel.com\/es\/politica-de-privacidad\/","title":{"rendered":"Politica de privacidad"},"content":{"rendered":"<div class=\"fusion-fullwidth fullwidth-box fusion-builder-row-1 fusion-flex-container nonhundred-percent-fullwidth non-hundred-percent-height-scrolling\" style=\"--awb-border-radius-top-left:0px;--awb-border-radius-top-right:0px;--awb-border-radius-bottom-right:0px;--awb-border-radius-bottom-left:0px;--awb-margin-top:25px;--awb-margin-bottom:50px;--awb-flex-wrap:wrap;\" ><div class=\"fusion-builder-row fusion-row fusion-flex-align-items-flex-start fusion-flex-justify-content-center fusion-flex-content-wrap\" style=\"max-width:1216.8px;margin-left: calc(-4% \/ 2 );margin-right: calc(-4% \/ 2 );\"><div class=\"fusion-layout-column fusion_builder_column fusion-builder-column-0 fusion_builder_column_2_3 2_3 fusion-flex-column\" style=\"--awb-bg-size:cover;--awb-width-large:66.666666666667%;--awb-margin-top-large:0px;--awb-spacing-right-large:2.88%;--awb-margin-bottom-large:0px;--awb-spacing-left-large:2.88%;--awb-width-medium:100%;--awb-spacing-right-medium:1.92%;--awb-spacing-left-medium:1.92%;--awb-width-small:100%;--awb-spacing-right-small:1.92%;--awb-spacing-left-small:1.92%;\"><div class=\"fusion-column-wrapper fusion-flex-justify-content-flex-start fusion-content-layout-column\"><div class=\"fusion-text fusion-text-1\" style=\"--awb-text-font-family:&quot;ProximaNovaRegular&quot;;--awb-text-font-style:normal;--awb-text-font-weight:400;\"><p><h1 data-fontsize=\"60\" data-lineheight=\"81px\" class=\"fusion-responsive-typography-calculated wp-block-heading\" style=\"--fontSize: 60; line-height: 1.35; font-size: 40px;\" data-fusion-font=\"true\">Pol\u00edtica de privacidad<\/h1>\n<h3>Quienes somos<\/h3>\n<\/p>\n<p><p>Nuestra direcci\u00f3n de p\u00e1gina web es: orangepadel.com<\/p>\n<\/p>\n<p><h3 class=\"wp-block-heading\">Comentarios<\/h3>\n<\/p>\n<p><p>Cuando los visitantes dejan comentarios en el sitio, recogemos los datos que aparecen en el formulario de comentarios, as\u00ed como la direcci\u00f3n IP del visitante y la cadena de agentes de usuario del navegador para ayudar a la detecci\u00f3n de spam.<\/p>\n<\/p>\n<p><p>Una cadena anonimizada creada a partir de su direcci\u00f3n de correo electr\u00f3nico (tambi\u00e9n llamada hash) puede ser proporcionada al servicio Gravatar para saber si usted la est\u00e1 utilizando. La pol\u00edtica de privacidad del servicio Gravatar est\u00e1 disponible aqu\u00ed: https:\/\/automattic.com\/privacy\/. Tras la aprobaci\u00f3n de tu comentario, tu foto de perfil ser\u00e1 visible para el p\u00fablico en el contexto de tu comentario. <\/p>\n<\/p>\n<p><h3 class=\"wp-block-heading\">Media<\/h3>\n<\/p>\n<p><p>Si subes im\u00e1genes al sitio web, debes evitar subir im\u00e1genes con datos de localizaci\u00f3n incrustados (EXIF GPS) incluidos. Los visitantes del sitio web pueden descargar y extraer cualquier dato de localizaci\u00f3n de las im\u00e1genes del sitio web. <\/p>\n<\/p>\n<p><h3 class=\"wp-block-heading\">Cookies<\/h3>\n<\/p>\n<p><p>Si deja un comentario en nuestro sitio, puede optar por guardar su nombre, direcci\u00f3n de correo electr\u00f3nico y sitio web en cookies. Esto es para su comodidad, para que no tenga que volver a rellenar sus datos cuando deje otro comentario. Estas cookies durar\u00e1n un a\u00f1o.  <\/p>\n<\/p>\n<p><p>Si visita nuestra p\u00e1gina de inicio de sesi\u00f3n, instalaremos una cookie temporal para determinar si su navegador acepta cookies. Esta cookie no contiene datos personales y se desecha al cerrar el navegador. <\/p>\n<\/p>\n<p><p>Cuando inicie sesi\u00f3n, tambi\u00e9n instalaremos varias cookies para guardar su informaci\u00f3n de inicio de sesi\u00f3n y sus opciones de visualizaci\u00f3n en pantalla. Las cookies de inicio de sesi\u00f3n duran dos d\u00edas, y las de opciones de pantalla, un a\u00f1o. Si selecciona \u00abRecordarme\u00bb, sus datos de acceso permanecer\u00e1n durante dos semanas. Si sale de su cuenta, se eliminar\u00e1n las cookies de inicio de sesi\u00f3n.   <\/p>\n<\/p>\n<p><p>Si edita o publica un art\u00edculo, se guardar\u00e1 una cookie adicional en su navegador. Esta cookie no incluye datos personales y se limita a indicar el ID de publicaci\u00f3n del art\u00edculo que acaba de editar. Caduca al cabo de 1 d\u00eda.  <\/p>\n<\/p>\n<p><h3 class=\"wp-block-heading\">Contenido incrustado de otros sitios web<\/h3>\n<\/p>\n<p><p>Los art\u00edculos de este sitio pueden incluir contenido incrustado (por ejemplo, v\u00eddeos, im\u00e1genes, art\u00edculos, etc.). El contenido incrustado de otros sitios web se comporta exactamente igual que si el visitante hubiera visitado el otro sitio web. <\/p>\n<\/p>\n<p><p>Estos sitios web pueden recopilar datos sobre usted, utilizar cookies, incrustar seguimiento adicional de terceros y supervisar su interacci\u00f3n con ese contenido incrustado, incluido el seguimiento de su interacci\u00f3n con el contenido incrustado si tiene una cuenta y ha iniciado sesi\u00f3n en ese sitio web.<\/p>\n<\/p>\n<p><h3 class=\"wp-block-heading\">Con quien compartimos sus datos<\/h3>\n<\/p>\n<p><p>Si solicita un restablecimiento de contrase\u00f1a, su direcci\u00f3n IP se incluir\u00e1 en el correo electr\u00f3nico de restablecimiento.<\/p>\n<\/p>\n<p><h3 class=\"wp-block-heading\">Cuanto tiempo mantenemos sus datos<\/h3>\n<\/p>\n<p><p>Si deja un comentario, el comentario y sus metadatos se conservan indefinidamente. As\u00ed podemos reconocer y aprobar autom\u00e1ticamente cualquier comentario posterior en lugar de retenerlo en una cola de moderaci\u00f3n. <\/p>\n<\/p>\n<p><p>En el caso de los usuarios que se registran en nuestro sitio web (si los hay), tambi\u00e9n almacenamos la informaci\u00f3n personal que proporcionan en su perfil de usuario. Todos los usuarios pueden ver, editar o borrar su informaci\u00f3n personal en cualquier momento (excepto que no pueden cambiar su nombre de usuario). Los administradores del sitio web tambi\u00e9n pueden ver y editar esa informaci\u00f3n.  <\/p>\n<\/p>\n<p><h3 class=\"wp-block-heading\">Que derechos tiene sobre sus datos<\/h3>\n<\/p>\n<p><p>Si tiene una cuenta en este sitio o ha dejado comentarios, puede solicitar que le enviemos un archivo exportado de los datos personales que tenemos sobre usted, incluidos los que nos haya facilitado. Tambi\u00e9n puede solicitar que borremos cualquier dato personal que tengamos sobre usted. Esto no incluye los datos que estemos obligados a conservar por motivos administrativos, legales o de seguridad.  <\/p>\n<\/p>\n<p><h3 class=\"wp-block-heading\">Donde enviamos sus datos<\/h3>\n<\/p>\n<p><p>Los comentarios de los visitantes pueden ser controlados por un servicio automatizado de detecci\u00f3n de spam.<\/p><\/p>\n<\/div><\/div><\/div><\/div><\/div>\n","protected":false},"excerpt":{"rendered":"","protected":false},"author":1,"featured_media":0,"parent":0,"menu_order":0,"comment_status":"closed","ping_status":"open","template":"","meta":{"footnotes":""},"class_list":["post-8560","page","type-page","status-publish","hentry"],"yoast_head":"<!-- This site is optimized with the Yoast SEO plugin v27.0 - https:\/\/yoast.com\/product\/yoast-seo-wordpress\/ -->\n<title>Politica de privacidad - Orange Padel - For the love of padel<\/title>\n<meta name=\"robots\" content=\"index, follow, max-snippet:-1, max-image-preview:large, max-video-preview:-1\" \/>\n<link rel=\"canonical\" href=\"https:\/\/orangepadel.com\/es\/politica-de-privacidad\/\" \/>\n<meta property=\"og:locale\" content=\"es_ES\" \/>\n<meta property=\"og:type\" content=\"article\" \/>\n<meta property=\"og:title\" content=\"Politica de privacidad - Orange Padel - For the love of padel\" \/>\n<meta property=\"og:url\" content=\"https:\/\/orangepadel.com\/es\/politica-de-privacidad\/\" \/>\n<meta property=\"og:site_name\" content=\"Orange Padel - For the love of padel\" \/>\n<meta property=\"article:publisher\" content=\"https:\/\/www.facebook.com\/orangepadelspain\" \/>\n<meta property=\"article:modified_time\" content=\"2024-10-21T10:07:03+00:00\" \/>\n<meta name=\"twitter:card\" content=\"summary_large_image\" \/>\n<meta name=\"twitter:label1\" content=\"Tiempo de lectura\" \/>\n\t<meta name=\"twitter:data1\" content=\"4 minutos\" \/>\n<script type=\"application\/ld+json\" class=\"yoast-schema-graph\">{\"@context\":\"https:\/\/schema.org\",\"@graph\":[{\"@type\":\"WebPage\",\"@id\":\"https:\/\/orangepadel.com\/es\/politica-de-privacidad\/\",\"url\":\"https:\/\/orangepadel.com\/es\/politica-de-privacidad\/\",\"name\":\"Politica de privacidad - Orange Padel - For the love of padel\",\"isPartOf\":{\"@id\":\"https:\/\/orangepadel.com\/es\/#website\"},\"datePublished\":\"2022-04-19T09:18:23+00:00\",\"dateModified\":\"2024-10-21T10:07:03+00:00\",\"breadcrumb\":{\"@id\":\"https:\/\/orangepadel.com\/es\/politica-de-privacidad\/#breadcrumb\"},\"inLanguage\":\"es\",\"potentialAction\":[{\"@type\":\"ReadAction\",\"target\":[\"https:\/\/orangepadel.com\/es\/politica-de-privacidad\/\"]}]},{\"@type\":\"BreadcrumbList\",\"@id\":\"https:\/\/orangepadel.com\/es\/politica-de-privacidad\/#breadcrumb\",\"itemListElement\":[{\"@type\":\"ListItem\",\"position\":1,\"name\":\"Home\",\"item\":\"https:\/\/orangepadel.com\/es\/home\/\"},{\"@type\":\"ListItem\",\"position\":2,\"name\":\"Politica de privacidad\"}]},{\"@type\":\"WebSite\",\"@id\":\"https:\/\/orangepadel.com\/es\/#website\",\"url\":\"https:\/\/orangepadel.com\/es\/\",\"name\":\"Orange Padel - For the love of padel\",\"description\":\"Padel center in Torrevieja Spain. For the love of padel\",\"publisher\":{\"@id\":\"https:\/\/orangepadel.com\/es\/#organization\"},\"potentialAction\":[{\"@type\":\"SearchAction\",\"target\":{\"@type\":\"EntryPoint\",\"urlTemplate\":\"https:\/\/orangepadel.com\/es\/?s={search_term_string}\"},\"query-input\":{\"@type\":\"PropertyValueSpecification\",\"valueRequired\":true,\"valueName\":\"search_term_string\"}}],\"inLanguage\":\"es\"},{\"@type\":\"Organization\",\"@id\":\"https:\/\/orangepadel.com\/es\/#organization\",\"name\":\"Orange Padel - For the love of padel\",\"url\":\"https:\/\/orangepadel.com\/es\/\",\"logo\":{\"@type\":\"ImageObject\",\"inLanguage\":\"es\",\"@id\":\"https:\/\/orangepadel.com\/es\/#\/schema\/logo\/image\/\",\"url\":\"https:\/\/orangepadel.com\/wp-content\/uploads\/2023\/07\/orange-padel-1000x350-1.jpg\",\"contentUrl\":\"https:\/\/orangepadel.com\/wp-content\/uploads\/2023\/07\/orange-padel-1000x350-1.jpg\",\"width\":1000,\"height\":350,\"caption\":\"Orange Padel - For the love of padel\"},\"image\":{\"@id\":\"https:\/\/orangepadel.com\/es\/#\/schema\/logo\/image\/\"},\"sameAs\":[\"https:\/\/www.facebook.com\/orangepadelspain\",\"https:\/\/www.instagram.com\/orangepadelspain\/\"]}]}<\/script>\n<!-- \/ Yoast SEO plugin. -->","yoast_head_json":{"title":"Politica de privacidad - Orange Padel - For the love of padel","robots":{"index":"index","follow":"follow","max-snippet":"max-snippet:-1","max-image-preview":"max-image-preview:large","max-video-preview":"max-video-preview:-1"},"canonical":"https:\/\/orangepadel.com\/es\/politica-de-privacidad\/","og_locale":"es_ES","og_type":"article","og_title":"Politica de privacidad - Orange Padel - For the love of padel","og_url":"https:\/\/orangepadel.com\/es\/politica-de-privacidad\/","og_site_name":"Orange Padel - For the love of padel","article_publisher":"https:\/\/www.facebook.com\/orangepadelspain","article_modified_time":"2024-10-21T10:07:03+00:00","twitter_card":"summary_large_image","twitter_misc":{"Tiempo de lectura":"4 minutos"},"schema":{"@context":"https:\/\/schema.org","@graph":[{"@type":"WebPage","@id":"https:\/\/orangepadel.com\/es\/politica-de-privacidad\/","url":"https:\/\/orangepadel.com\/es\/politica-de-privacidad\/","name":"Politica de privacidad - Orange Padel - For the love of padel","isPartOf":{"@id":"https:\/\/orangepadel.com\/es\/#website"},"datePublished":"2022-04-19T09:18:23+00:00","dateModified":"2024-10-21T10:07:03+00:00","breadcrumb":{"@id":"https:\/\/orangepadel.com\/es\/politica-de-privacidad\/#breadcrumb"},"inLanguage":"es","potentialAction":[{"@type":"ReadAction","target":["https:\/\/orangepadel.com\/es\/politica-de-privacidad\/"]}]},{"@type":"BreadcrumbList","@id":"https:\/\/orangepadel.com\/es\/politica-de-privacidad\/#breadcrumb","itemListElement":[{"@type":"ListItem","position":1,"name":"Home","item":"https:\/\/orangepadel.com\/es\/home\/"},{"@type":"ListItem","position":2,"name":"Politica de privacidad"}]},{"@type":"WebSite","@id":"https:\/\/orangepadel.com\/es\/#website","url":"https:\/\/orangepadel.com\/es\/","name":"Orange Padel - For the love of padel","description":"Padel center in Torrevieja Spain. For the love of padel","publisher":{"@id":"https:\/\/orangepadel.com\/es\/#organization"},"potentialAction":[{"@type":"SearchAction","target":{"@type":"EntryPoint","urlTemplate":"https:\/\/orangepadel.com\/es\/?s={search_term_string}"},"query-input":{"@type":"PropertyValueSpecification","valueRequired":true,"valueName":"search_term_string"}}],"inLanguage":"es"},{"@type":"Organization","@id":"https:\/\/orangepadel.com\/es\/#organization","name":"Orange Padel - For the love of padel","url":"https:\/\/orangepadel.com\/es\/","logo":{"@type":"ImageObject","inLanguage":"es","@id":"https:\/\/orangepadel.com\/es\/#\/schema\/logo\/image\/","url":"https:\/\/orangepadel.com\/wp-content\/uploads\/2023\/07\/orange-padel-1000x350-1.jpg","contentUrl":"https:\/\/orangepadel.com\/wp-content\/uploads\/2023\/07\/orange-padel-1000x350-1.jpg","width":1000,"height":350,"caption":"Orange Padel - For the love of padel"},"image":{"@id":"https:\/\/orangepadel.com\/es\/#\/schema\/logo\/image\/"},"sameAs":["https:\/\/www.facebook.com\/orangepadelspain","https:\/\/www.instagram.com\/orangepadelspain\/"]}]}},"_links":{"self":[{"href":"https:\/\/orangepadel.com\/es\/wp-json\/wp\/v2\/pages\/8560","targetHints":{"allow":["GET"]}}],"collection":[{"href":"https:\/\/orangepadel.com\/es\/wp-json\/wp\/v2\/pages"}],"about":[{"href":"https:\/\/orangepadel.com\/es\/wp-json\/wp\/v2\/types\/page"}],"author":[{"embeddable":true,"href":"https:\/\/orangepadel.com\/es\/wp-json\/wp\/v2\/users\/1"}],"replies":[{"embeddable":true,"href":"https:\/\/orangepadel.com\/es\/wp-json\/wp\/v2\/comments?post=8560"}],"version-history":[{"count":1,"href":"https:\/\/orangepadel.com\/es\/wp-json\/wp\/v2\/pages\/8560\/revisions"}],"predecessor-version":[{"id":8563,"href":"https:\/\/orangepadel.com\/es\/wp-json\/wp\/v2\/pages\/8560\/revisions\/8563"}],"wp:attachment":[{"href":"https:\/\/orangepadel.com\/es\/wp-json\/wp\/v2\/media?parent=8560"}],"curies":[{"name":"wp","href":"https:\/\/api.w.org\/{rel}","templated":true}]}}