{"id":8333,"date":"2024-05-30T12:17:34","date_gmt":"2024-05-30T12:17:34","guid":{"rendered":"https:\/\/orangepadel.com\/aktiviteter-evenemang\/junior-padel-camp\/"},"modified":"2024-06-18T09:19:31","modified_gmt":"2024-06-18T09:19:31","slug":"junior-padel-camp","status":"publish","type":"page","link":"https:\/\/orangepadel.com\/sv\/aktiviteter-evenemang\/junior-padel-camp\/","title":{"rendered":"Junior Padel Camp"},"content":{"rendered":"<p><div class=\"fusion-fullwidth fullwidth-box fusion-builder-row-1 fusion-flex-container nonhundred-percent-fullwidth non-hundred-percent-height-scrolling\" style=\"--awb-border-sizes-top:0px;--awb-border-sizes-bottom:0px;--awb-border-sizes-left:0px;--awb-border-sizes-right:0px;--awb-border-radius-top-left:0px;--awb-border-radius-top-right:0px;--awb-border-radius-bottom-right:0px;--awb-border-radius-bottom-left:0px;--awb-padding-top:10px;--awb-padding-right:30px;--awb-padding-bottom:40px;--awb-padding-left:30px;--awb-padding-top-medium:60px;--awb-padding-bottom-medium:60px;--awb-padding-top-small:30px;--awb-padding-bottom-small:50px;--awb-margin-top:0px;--awb-margin-bottom:0px;--awb-background-color:#ffffff;--awb-flex-wrap:wrap;\" ><div class=\"fusion-builder-row fusion-row fusion-flex-align-items-flex-end fusion-flex-content-wrap\" style=\"max-width:calc( 1170px + 80px );margin-left: calc(-80px \/ 2 );margin-right: calc(-80px \/ 2 );\"><div class=\"fusion-layout-column fusion_builder_column fusion-builder-column-0 fusion_builder_column_1_1 1_1 fusion-flex-column fusion-animated\" style=\"--awb-bg-size:cover;--awb-width-large:100%;--awb-margin-top-large:0px;--awb-spacing-right-large:40px;--awb-margin-bottom-large:0px;--awb-spacing-left-large:40px;--awb-width-medium:100%;--awb-order-medium:0;--awb-spacing-right-medium:40px;--awb-spacing-left-medium:40px;--awb-width-small:100%;--awb-order-small:0;--awb-spacing-right-small:40px;--awb-spacing-left-small:40px;\" data-animationType=\"fadeIn\" data-animationDuration=\"1.3\" data-animationOffset=\"top-into-view\"><div class=\"fusion-column-wrapper fusion-column-has-shadow fusion-flex-justify-content-flex-start fusion-content-layout-column\"><nav class=\"fusion-breadcrumbs fusion-no-small-visibility awb-yoast-breadcrumbs fusion-breadcrumbs-1\" style=\"--awb-margin-top:20px;--awb-alignment:right;--awb-font-size:13px;--awb-text-hover-color:#3c5362;--awb-text-color:#799190;--awb-breadcrumb-sep:&#039;|&#039;;text-align:right;\" aria-label=\"Breadcrumb\"><span><span><a href=\"https:\/\/orangepadel.com\/sv\/\">Home<\/a><\/span><\/span><\/nav><nav class=\"fusion-breadcrumbs fusion-no-medium-visibility fusion-no-large-visibility awb-yoast-breadcrumbs fusion-breadcrumbs-2\" style=\"--awb-margin-top:20px;--awb-alignment:center;--awb-font-size:13px;--awb-text-hover-color:#3c5362;--awb-text-color:#799190;--awb-breadcrumb-sep:&#039;|&#039;;text-align:center;\" aria-label=\"Breadcrumb\"><span><span><a href=\"https:\/\/orangepadel.com\/sv\/\">Home<\/a><\/span><\/span><\/nav><div class=\"fusion-title title fusion-title-1 fusion-title-text fusion-title-size-one\" style=\"--awb-text-color:#0a0a0a;--awb-margin-top:10px;--awb-margin-right:0px;--awb-margin-bottom:5px;--awb-margin-left:0px;--awb-margin-top-small:10px;--awb-margin-right-small:0px;--awb-margin-bottom-small:10px;--awb-margin-left-small:0px;--awb-font-size:50px;\"><div class=\"title-sep-container title-sep-container-left fusion-no-large-visibility fusion-no-medium-visibility fusion-no-small-visibility\"><div class=\"title-sep sep- sep-solid\" style=\"border-color:var(--awb-color3);\"><\/div><\/div><span class=\"awb-title-spacer fusion-no-large-visibility fusion-no-medium-visibility fusion-no-small-visibility\"><\/span><h1 class=\"fusion-title-heading title-heading-left fusion-responsive-typography-calculated\" style=\"font-family:&quot;ProximaNovaRegular&quot;;font-style:normal;font-weight:400;margin:0;letter-spacing:-1px;text-transform:var(--awb-typography1-text-transform);font-size:1em;--fontSize:50;line-height:1.2;\"><strong>Junior Padel Camp<\/strong><\/h1><span class=\"awb-title-spacer\"><\/span><div class=\"title-sep-container title-sep-container-right\"><div class=\"title-sep sep- sep-solid\" style=\"border-color:var(--awb-color3);\"><\/div><\/div><\/div><\/div><\/div><\/div><\/div><div class=\"fusion-fullwidth fullwidth-box fusion-builder-row-2 fusion-flex-container fusion-parallax-none nonhundred-percent-fullwidth non-hundred-percent-height-scrolling lazyload fusion-animated\" style=\"--awb-background-position:center top;--awb-border-sizes-top:0px;--awb-border-sizes-bottom:0px;--awb-border-sizes-left:0px;--awb-border-sizes-right:0px;--awb-border-radius-top-left:0px;--awb-border-radius-top-right:0px;--awb-border-radius-bottom-right:0px;--awb-border-radius-bottom-left:0px;--awb-padding-top:0px;--awb-padding-right:30px;--awb-padding-bottom:0px;--awb-padding-left:30px;--awb-margin-top:0px;--awb-margin-bottom-medium:60px;--awb-margin-bottom-small:50px;--awb-background-image:linear-gradient(28deg, rgba(60,83,98,0.71) 24%,rgba(255,255,255,0) 49%);;--awb-background-size:cover;--awb-flex-wrap:wrap;--awb-filter:saturate(105%) brightness(115%);--awb-filter-transition:filter 0.3s ease;--awb-filter-hover:saturate(105%) brightness(115%);\" data-bg=\"https:\/\/orangepadel.com\/wp-content\/uploads\/2024\/05\/junior-tournament-header-x1600.jpg\" data-bg-gradient=\"linear-gradient(28deg, rgba(60,83,98,0.71) 24%,rgba(255,255,255,0) 49%)\" data-animationType=\"fadeInUp\" data-animationDuration=\"1.3\" data-animationOffset=\"top-into-view\" ><div class=\"fusion-builder-row fusion-row fusion-flex-align-items-flex-end fusion-flex-justify-content-flex-end fusion-flex-content-wrap\" style=\"max-width:calc( 1170px + 80px );margin-left: calc(-80px \/ 2 );margin-right: calc(-80px \/ 2 );\"><div class=\"fusion-layout-column fusion_builder_column fusion-builder-column-1 fusion_builder_column_1_1 1_1 fusion-flex-column\" style=\"--awb-bg-size:cover;--awb-width-large:100%;--awb-margin-top-large:0px;--awb-spacing-right-large:40px;--awb-margin-bottom-large:-99px;--awb-spacing-left-large:40px;--awb-width-medium:100%;--awb-order-medium:0;--awb-spacing-right-medium:40px;--awb-spacing-left-medium:40px;--awb-width-small:100%;--awb-order-small:0;--awb-spacing-right-small:40px;--awb-margin-bottom-small:20px;--awb-spacing-left-small:40px;\"><div class=\"fusion-column-wrapper fusion-column-has-shadow fusion-flex-justify-content-flex-start fusion-content-layout-column\"><div class=\"fusion-section-separator section-separator slant fusion-section-separator-1\" style=\"--awb-spacer-height:99px;--awb-svg-margin-left:40px;--awb-svg-margin-right:40px;--awb-svg-margin-left-medium:40px;--awb-svg-margin-right-medium:40px;--awb-svg-margin-left-small:40px;--awb-svg-margin-right-small:40px;--awb-divider-height:99px;--awb-spacer-padding-top:inherit;--awb-sep-padding:0;--awb-svg-padding:0;\"><div class=\"fusion-section-separator-svg\"><svg class=\"fusion-slant-candy\" xmlns=\"http:\/\/www.w3.org\/2000\/svg\" version=\"1.1\" width=\"100%\" height=\"100\" viewBox=\"0 0 100 100\" preserveAspectRatio=\"none\" fill=\"rgba(255,255,255,1)\"><path d=\"M100 0 L100 100 L0 0 Z\"><\/path><\/svg><\/div><div class=\"fusion-section-separator-spacer\"><div class=\"fusion-section-separator-spacer-height\"><\/div><\/div><\/div><\/div><\/div><div class=\"fusion-layout-column fusion_builder_column fusion-builder-column-2 fusion_builder_column_2_5 2_5 fusion-flex-column\" style=\"--awb-padding-top:50px;--awb-bg-color:#b5bdbd;--awb-bg-color-hover:#b5bdbd;--awb-bg-size:cover;--awb-filter:brightness(100%);--awb-filter-transition:filter 0.3s ease;--awb-filter-hover:brightness(115%);--awb-width-large:40%;--awb-margin-top-large:0px;--awb-spacing-right-large:40px;--awb-margin-bottom-large:90px;--awb-spacing-left-large:40px;--awb-width-medium:100%;--awb-order-medium:0;--awb-spacing-right-medium:40px;--awb-margin-bottom-medium:60px;--awb-spacing-left-medium:40px;--awb-width-small:100%;--awb-order-small:0;--awb-spacing-right-small:40px;--awb-margin-bottom-small:50px;--awb-spacing-left-small:40px;\"><div class=\"fusion-column-wrapper fusion-column-has-shadow fusion-flex-justify-content-flex-start fusion-content-layout-column\"><div class=\"fusion-image-element \" style=\"--awb-margin-right:50px;--awb-margin-bottom:30px;--awb-margin-left:50px;--awb-caption-title-font-family:var(--h2_typography-font-family);--awb-caption-title-font-weight:var(--h2_typography-font-weight);--awb-caption-title-font-style:var(--h2_typography-font-style);--awb-caption-title-size:var(--h2_typography-font-size);--awb-caption-title-transform:var(--h2_typography-text-transform);--awb-caption-title-line-height:var(--h2_typography-line-height);--awb-caption-title-letter-spacing:var(--h2_typography-letter-spacing);\"><span class=\" fusion-imageframe imageframe-none imageframe-1 hover-type-none\"><a class=\"fusion-no-lightbox\" href=\"https:\/\/www.matchi.se\/facilities\/orangepadel#activities\" target=\"_blank\" aria-label=\"junior-tournament-x500\" rel=\"noopener noreferrer\"><img decoding=\"async\" width=\"500\" height=\"500\" src=\"https:\/\/orangepadel.com\/wp-content\/uploads\/2024\/05\/junior-tournament-x500.jpg\" data-orig-src=\"https:\/\/orangepadel.com\/wp-content\/uploads\/2024\/05\/junior-tournament-x500.jpg\" alt class=\"lazyload img-responsive wp-image-8276\" srcset=\"data:image\/svg+xml,%3Csvg%20xmlns%3D%27http%3A%2F%2Fwww.w3.org%2F2000%2Fsvg%27%20width%3D%27500%27%20height%3D%27500%27%20viewBox%3D%270%200%20500%20500%27%3E%3Crect%20width%3D%27500%27%20height%3D%27500%27%20fill-opacity%3D%220%22%2F%3E%3C%2Fsvg%3E\" data-srcset=\"https:\/\/orangepadel.com\/wp-content\/uploads\/2024\/05\/junior-tournament-x500-200x200.jpg 200w, https:\/\/orangepadel.com\/wp-content\/uploads\/2024\/05\/junior-tournament-x500-400x400.jpg 400w, https:\/\/orangepadel.com\/wp-content\/uploads\/2024\/05\/junior-tournament-x500.jpg 500w\" data-sizes=\"auto\" data-orig-sizes=\"(max-width: 1024px) 100vw, (max-width: 640px) 100vw, 500px\" \/><\/a><\/span><\/div><div class=\"fusion-text fusion-text-1 fusion-text-no-margin\" style=\"--awb-content-alignment:center;--awb-font-size:17px;--awb-line-height:1.4;--awb-letter-spacing:0px;--awb-text-transform:var(--awb-typography4-text-transform);--awb-text-color:#0a0a0a;--awb-margin-right:50px;--awb-margin-bottom:35px;--awb-margin-left:50px;--awb-text-font-family:&quot;ProximaNovaRegular&quot;;--awb-text-font-style:normal;--awb-text-font-weight:400;\"><p><strong>REGISTRERA DIG F\u00d6R<\/strong><br \/>\n24\/6 till 28\/6 (Vecka 26) eller<br \/>\n1\/7 till 5\/7 (Vecka 27)<\/p>\n<p>\u00c5lder: 10-13 \u00e5r<br \/>\nTid: 9:30 &#8211; 14:00<\/p>\n<p>225 \u20ac\/vecka<\/p>\n<\/div><\/div><\/div><div class=\"fusion-layout-column fusion_builder_column fusion-builder-column-3 fusion_builder_column_1_1 1_1 fusion-flex-column\" style=\"--awb-bg-size:cover;--awb-width-large:100%;--awb-margin-top-large:0px;--awb-spacing-right-large:40px;--awb-margin-bottom-large:0px;--awb-spacing-left-large:40px;--awb-width-medium:100%;--awb-order-medium:0;--awb-spacing-right-medium:40px;--awb-spacing-left-medium:40px;--awb-width-small:100%;--awb-order-small:0;--awb-spacing-right-small:40px;--awb-spacing-left-small:40px;\"><div class=\"fusion-column-wrapper fusion-column-has-shadow fusion-flex-justify-content-flex-start fusion-content-layout-column\"><div class=\"fusion-section-separator section-separator slant fusion-section-separator-2\" style=\"--awb-spacer-height:99px;--awb-svg-margin-left:40px;--awb-svg-margin-right:40px;--awb-svg-margin-left-medium:40px;--awb-svg-margin-right-medium:40px;--awb-svg-margin-left-small:40px;--awb-svg-margin-right-small:40px;--awb-divider-height:99px;--awb-spacer-padding-top:inherit;--awb-sep-padding:0;--awb-svg-padding:0;--awb-svg-tag-margin-bottom:-3px;--awb-sep-svg-display:block;\"><div class=\"fusion-section-separator-svg\"><svg class=\"fusion-slant-candy\" xmlns=\"http:\/\/www.w3.org\/2000\/svg\" version=\"1.1\" width=\"100%\" height=\"100\" viewBox=\"0 0 100 100\" preserveAspectRatio=\"none\" fill=\"rgba(255,255,255,1)\"><path d=\"M0 0 L0 100 L100 100 Z\"><\/path><\/svg><\/div><div class=\"fusion-section-separator-spacer\"><div class=\"fusion-section-separator-spacer-height\"><\/div><\/div><\/div><\/div><\/div><\/div><\/div><div class=\"fusion-fullwidth fullwidth-box fusion-builder-row-3 fusion-flex-container nonhundred-percent-fullwidth non-hundred-percent-height-scrolling\" style=\"--awb-border-sizes-top:0px;--awb-border-sizes-bottom:0px;--awb-border-sizes-left:0px;--awb-border-sizes-right:0px;--awb-border-radius-top-left:0px;--awb-border-radius-top-right:0px;--awb-border-radius-bottom-right:0px;--awb-border-radius-bottom-left:0px;--awb-padding-top:50px;--awb-padding-right:30px;--awb-padding-bottom:50px;--awb-padding-left:30px;--awb-padding-bottom-medium:60px;--awb-padding-bottom-small:50px;--awb-margin-top:0px;--awb-margin-bottom:0px;--awb-background-color:#ffffff;--awb-flex-wrap:wrap;\" ><div class=\"fusion-builder-row fusion-row fusion-flex-align-items-stretch fusion-flex-justify-content-center fusion-flex-content-wrap\" style=\"max-width:calc( 1170px + 90px );margin-left: calc(-90px \/ 2 );margin-right: calc(-90px \/ 2 );\"><div class=\"fusion-layout-column fusion_builder_column fusion-builder-column-4 fusion_builder_column_3_4 3_4 fusion-flex-column fusion-animated\" style=\"--awb-bg-size:cover;--awb-width-large:75%;--awb-margin-top-large:0px;--awb-spacing-right-large:45px;--awb-margin-bottom-large:100px;--awb-spacing-left-large:45px;--awb-width-medium:100%;--awb-order-medium:0;--awb-spacing-right-medium:45px;--awb-margin-bottom-medium:60px;--awb-spacing-left-medium:45px;--awb-width-small:100%;--awb-order-small:0;--awb-spacing-right-small:45px;--awb-margin-bottom-small:51px;--awb-spacing-left-small:45px;\" data-animationType=\"fadeIn\" data-animationDuration=\"1.3\" data-animationOffset=\"top-into-view\" id=\"faq\"><div class=\"fusion-column-wrapper fusion-column-has-shadow fusion-flex-justify-content-flex-start fusion-content-layout-column\"><div class=\"fusion-text fusion-text-2\"><h2>Padel camp p\u00e5 Orange Padel<\/h2>\n<p>Anm\u00e4l era barn till sommarens padell\u00e4ger p\u00e5 Orange Padel. Detta padell\u00e4ger \u00e4r i samarbete med Skandinaviska Skolan, och efter 3 timmars padel har du roliga aktiviteter med de andra eleverna fr\u00e5n skolan under 2 timmar.<\/p>\n<p>Det finns plats f\u00f6r 8 spelare och i priset ing\u00e5r lunch och mellanm\u00e5l.<\/p>\n<\/div><div style=\"text-align:center;\"><a class=\"fusion-button button-flat button-large button-default fusion-button-default button-1 fusion-button-default-span fusion-button-default-type\" style=\"--button_margin-bottom:20px;\" target=\"_blank\" rel=\"noopener noreferrer\" href=\"https:\/\/skandinaviskaskolan.com\/index.php\/sommarskola\/\"><span class=\"fusion-button-text awb-button__text awb-button__text--default\">L\u00e4s mer h\u00e4r<\/span><i class=\"fa-angle-right fas awb-button__icon awb-button__icon--default button-icon-right\" aria-hidden=\"true\"><\/i><\/a><\/div><div class=\"fusion-title title fusion-title-2 fusion-title-text fusion-title-size-two\"><div class=\"title-sep-container title-sep-container-left fusion-no-large-visibility fusion-no-medium-visibility fusion-no-small-visibility\"><div class=\"title-sep sep-single sep-solid\" style=\"border-color:var(--awb-color3);\"><\/div><\/div><span class=\"awb-title-spacer fusion-no-large-visibility fusion-no-medium-visibility fusion-no-small-visibility\"><\/span><h2 class=\"fusion-title-heading title-heading-left fusion-responsive-typography-calculated\" style=\"font-family:&quot;ProximaNovaRegular&quot;;font-style:normal;font-weight:400;margin:0;text-transform:capitalize;--fontSize:42;line-height:var(--awb-typography1-line-height);\">Ans\u00f6k h\u00e4r<\/h2><span class=\"awb-title-spacer\"><\/span><div class=\"title-sep-container title-sep-container-right\"><div class=\"title-sep sep-single sep-solid\" style=\"border-color:var(--awb-color3);\"><\/div><\/div><\/div><p class=\"wpcf7-contact-form-not-found\"><strong>Fel:<\/strong> Kontaktformul\u00e4r hittades inte.<\/p><\/div><\/div><\/div><\/div><\/p>\n","protected":false},"excerpt":{"rendered":"","protected":false},"author":1,"featured_media":0,"parent":8263,"menu_order":0,"comment_status":"closed","ping_status":"closed","template":"100-width.php","meta":{"footnotes":""},"class_list":["post-8333","page","type-page","status-publish","hentry"],"yoast_head":"<!-- This site is optimized with the Yoast SEO plugin v27.0 - https:\/\/yoast.com\/product\/yoast-seo-wordpress\/ -->\n<title>Junior Padel Camp 2024 p\u00e5 Orange Padel, Orihuela Costa<\/title>\n<meta name=\"description\" content=\"I samarbete med Skandinaviska skolan (Costa Blanca) v\u00e4lkomnar vi dig att s\u00f6ka till Junior Summer Padel Camp f\u00f6r 10 till 13 \u00e5ringar.\" \/>\n<meta name=\"robots\" content=\"index, follow, max-snippet:-1, max-image-preview:large, max-video-preview:-1\" \/>\n<link rel=\"canonical\" href=\"https:\/\/orangepadel.com\/sv\/aktiviteter-evenemang\/junior-padel-camp\/\" \/>\n<meta property=\"og:locale\" content=\"sv_SE\" \/>\n<meta property=\"og:type\" content=\"article\" \/>\n<meta property=\"og:title\" content=\"Junior Padel Camp p\u00e5 Orange Padel, Torrevieja, Orihuela Costa\" \/>\n<meta property=\"og:description\" content=\"Anm\u00e4l era barn till sommarens padell\u00e4ger p\u00e5 Orange Padel. Detta padell\u00e4ger \u00e4r i samarbete med Skandinaviska Skolan, och efter 3 timmars padel har du roliga aktiviteter med de andra eleverna fr\u00e5n skolan under 2 timmar.\" \/>\n<meta property=\"og:url\" content=\"https:\/\/orangepadel.com\/sv\/aktiviteter-evenemang\/junior-padel-camp\/\" \/>\n<meta property=\"og:site_name\" content=\"Orange Padel - For the love of padel\" \/>\n<meta property=\"article:publisher\" content=\"https:\/\/www.facebook.com\/orangepadelspain\" \/>\n<meta property=\"article:modified_time\" content=\"2024-06-18T09:19:31+00:00\" \/>\n<meta property=\"og:image\" content=\"https:\/\/orangepadel.com\/wp-content\/uploads\/2024\/05\/junior-tournament-facebook-post-1200x630-1-1024x538.jpg\" \/>\n<meta name=\"twitter:card\" content=\"summary_large_image\" \/>\n<meta name=\"twitter:label1\" content=\"Ber\u00e4knad l\u00e4stid\" \/>\n\t<meta name=\"twitter:data1\" content=\"12 minuter\" \/>\n<script type=\"application\/ld+json\" class=\"yoast-schema-graph\">{\"@context\":\"https:\/\/schema.org\",\"@graph\":[{\"@type\":\"WebPage\",\"@id\":\"https:\/\/orangepadel.com\/sv\/aktiviteter-evenemang\/junior-padel-camp\/\",\"url\":\"https:\/\/orangepadel.com\/sv\/aktiviteter-evenemang\/junior-padel-camp\/\",\"name\":\"Junior Padel Camp 2024 p\u00e5 Orange Padel, Orihuela Costa\",\"isPartOf\":{\"@id\":\"https:\/\/orangepadel.com\/sv\/#website\"},\"datePublished\":\"2024-05-30T12:17:34+00:00\",\"dateModified\":\"2024-06-18T09:19:31+00:00\",\"description\":\"I samarbete med Skandinaviska skolan (Costa Blanca) v\u00e4lkomnar vi dig att s\u00f6ka till Junior Summer Padel Camp f\u00f6r 10 till 13 \u00e5ringar.\",\"breadcrumb\":{\"@id\":\"https:\/\/orangepadel.com\/sv\/aktiviteter-evenemang\/junior-padel-camp\/#breadcrumb\"},\"inLanguage\":\"sv-SE\",\"potentialAction\":[{\"@type\":\"ReadAction\",\"target\":[\"https:\/\/orangepadel.com\/sv\/aktiviteter-evenemang\/junior-padel-camp\/\"]}]},{\"@type\":\"BreadcrumbList\",\"@id\":\"https:\/\/orangepadel.com\/sv\/aktiviteter-evenemang\/junior-padel-camp\/#breadcrumb\",\"itemListElement\":[{\"@type\":\"ListItem\",\"position\":1,\"name\":\"Home\",\"item\":\"https:\/\/orangepadel.com\/sv\/\"},{\"@type\":\"ListItem\",\"position\":2,\"name\":\"Aktiviteter &amp; evenemang\",\"item\":\"https:\/\/orangepadel.com\/sv\/aktiviteter-evenemang\/\"},{\"@type\":\"ListItem\",\"position\":3,\"name\":\"Junior Padel Camp\"}]},{\"@type\":\"WebSite\",\"@id\":\"https:\/\/orangepadel.com\/sv\/#website\",\"url\":\"https:\/\/orangepadel.com\/sv\/\",\"name\":\"Orange Padel - For the love of padel\",\"description\":\"Padel center in Torrevieja Spain. For the love of padel\",\"publisher\":{\"@id\":\"https:\/\/orangepadel.com\/sv\/#organization\"},\"potentialAction\":[{\"@type\":\"SearchAction\",\"target\":{\"@type\":\"EntryPoint\",\"urlTemplate\":\"https:\/\/orangepadel.com\/sv\/?s={search_term_string}\"},\"query-input\":{\"@type\":\"PropertyValueSpecification\",\"valueRequired\":true,\"valueName\":\"search_term_string\"}}],\"inLanguage\":\"sv-SE\"},{\"@type\":\"Organization\",\"@id\":\"https:\/\/orangepadel.com\/sv\/#organization\",\"name\":\"Orange Padel - For the love of padel\",\"url\":\"https:\/\/orangepadel.com\/sv\/\",\"logo\":{\"@type\":\"ImageObject\",\"inLanguage\":\"sv-SE\",\"@id\":\"https:\/\/orangepadel.com\/sv\/#\/schema\/logo\/image\/\",\"url\":\"https:\/\/orangepadel.com\/wp-content\/uploads\/2023\/07\/orange-padel-1000x350-1.jpg\",\"contentUrl\":\"https:\/\/orangepadel.com\/wp-content\/uploads\/2023\/07\/orange-padel-1000x350-1.jpg\",\"width\":1000,\"height\":350,\"caption\":\"Orange Padel - For the love of padel\"},\"image\":{\"@id\":\"https:\/\/orangepadel.com\/sv\/#\/schema\/logo\/image\/\"},\"sameAs\":[\"https:\/\/www.facebook.com\/orangepadelspain\",\"https:\/\/www.instagram.com\/orangepadelspain\/\"]}]}<\/script>\n<!-- \/ Yoast SEO plugin. -->","yoast_head_json":{"title":"Junior Padel Camp 2024 p\u00e5 Orange Padel, Orihuela Costa","description":"I samarbete med Skandinaviska skolan (Costa Blanca) v\u00e4lkomnar vi dig att s\u00f6ka till Junior Summer Padel Camp f\u00f6r 10 till 13 \u00e5ringar.","robots":{"index":"index","follow":"follow","max-snippet":"max-snippet:-1","max-image-preview":"max-image-preview:large","max-video-preview":"max-video-preview:-1"},"canonical":"https:\/\/orangepadel.com\/sv\/aktiviteter-evenemang\/junior-padel-camp\/","og_locale":"sv_SE","og_type":"article","og_title":"Junior Padel Camp p\u00e5 Orange Padel, Torrevieja, Orihuela Costa","og_description":"Anm\u00e4l era barn till sommarens padell\u00e4ger p\u00e5 Orange Padel. Detta padell\u00e4ger \u00e4r i samarbete med Skandinaviska Skolan, och efter 3 timmars padel har du roliga aktiviteter med de andra eleverna fr\u00e5n skolan under 2 timmar.","og_url":"https:\/\/orangepadel.com\/sv\/aktiviteter-evenemang\/junior-padel-camp\/","og_site_name":"Orange Padel - For the love of padel","article_publisher":"https:\/\/www.facebook.com\/orangepadelspain","article_modified_time":"2024-06-18T09:19:31+00:00","og_image":[{"url":"https:\/\/orangepadel.com\/wp-content\/uploads\/2024\/05\/junior-tournament-facebook-post-1200x630-1-1024x538.jpg","type":"","width":"","height":""}],"twitter_card":"summary_large_image","twitter_misc":{"Ber\u00e4knad l\u00e4stid":"12 minuter"},"schema":{"@context":"https:\/\/schema.org","@graph":[{"@type":"WebPage","@id":"https:\/\/orangepadel.com\/sv\/aktiviteter-evenemang\/junior-padel-camp\/","url":"https:\/\/orangepadel.com\/sv\/aktiviteter-evenemang\/junior-padel-camp\/","name":"Junior Padel Camp 2024 p\u00e5 Orange Padel, Orihuela Costa","isPartOf":{"@id":"https:\/\/orangepadel.com\/sv\/#website"},"datePublished":"2024-05-30T12:17:34+00:00","dateModified":"2024-06-18T09:19:31+00:00","description":"I samarbete med Skandinaviska skolan (Costa Blanca) v\u00e4lkomnar vi dig att s\u00f6ka till Junior Summer Padel Camp f\u00f6r 10 till 13 \u00e5ringar.","breadcrumb":{"@id":"https:\/\/orangepadel.com\/sv\/aktiviteter-evenemang\/junior-padel-camp\/#breadcrumb"},"inLanguage":"sv-SE","potentialAction":[{"@type":"ReadAction","target":["https:\/\/orangepadel.com\/sv\/aktiviteter-evenemang\/junior-padel-camp\/"]}]},{"@type":"BreadcrumbList","@id":"https:\/\/orangepadel.com\/sv\/aktiviteter-evenemang\/junior-padel-camp\/#breadcrumb","itemListElement":[{"@type":"ListItem","position":1,"name":"Home","item":"https:\/\/orangepadel.com\/sv\/"},{"@type":"ListItem","position":2,"name":"Aktiviteter &amp; evenemang","item":"https:\/\/orangepadel.com\/sv\/aktiviteter-evenemang\/"},{"@type":"ListItem","position":3,"name":"Junior Padel Camp"}]},{"@type":"WebSite","@id":"https:\/\/orangepadel.com\/sv\/#website","url":"https:\/\/orangepadel.com\/sv\/","name":"Orange Padel - For the love of padel","description":"Padel center in Torrevieja Spain. For the love of padel","publisher":{"@id":"https:\/\/orangepadel.com\/sv\/#organization"},"potentialAction":[{"@type":"SearchAction","target":{"@type":"EntryPoint","urlTemplate":"https:\/\/orangepadel.com\/sv\/?s={search_term_string}"},"query-input":{"@type":"PropertyValueSpecification","valueRequired":true,"valueName":"search_term_string"}}],"inLanguage":"sv-SE"},{"@type":"Organization","@id":"https:\/\/orangepadel.com\/sv\/#organization","name":"Orange Padel - For the love of padel","url":"https:\/\/orangepadel.com\/sv\/","logo":{"@type":"ImageObject","inLanguage":"sv-SE","@id":"https:\/\/orangepadel.com\/sv\/#\/schema\/logo\/image\/","url":"https:\/\/orangepadel.com\/wp-content\/uploads\/2023\/07\/orange-padel-1000x350-1.jpg","contentUrl":"https:\/\/orangepadel.com\/wp-content\/uploads\/2023\/07\/orange-padel-1000x350-1.jpg","width":1000,"height":350,"caption":"Orange Padel - For the love of padel"},"image":{"@id":"https:\/\/orangepadel.com\/sv\/#\/schema\/logo\/image\/"},"sameAs":["https:\/\/www.facebook.com\/orangepadelspain","https:\/\/www.instagram.com\/orangepadelspain\/"]}]}},"_links":{"self":[{"href":"https:\/\/orangepadel.com\/sv\/wp-json\/wp\/v2\/pages\/8333","targetHints":{"allow":["GET"]}}],"collection":[{"href":"https:\/\/orangepadel.com\/sv\/wp-json\/wp\/v2\/pages"}],"about":[{"href":"https:\/\/orangepadel.com\/sv\/wp-json\/wp\/v2\/types\/page"}],"author":[{"embeddable":true,"href":"https:\/\/orangepadel.com\/sv\/wp-json\/wp\/v2\/users\/1"}],"replies":[{"embeddable":true,"href":"https:\/\/orangepadel.com\/sv\/wp-json\/wp\/v2\/comments?post=8333"}],"version-history":[{"count":5,"href":"https:\/\/orangepadel.com\/sv\/wp-json\/wp\/v2\/pages\/8333\/revisions"}],"predecessor-version":[{"id":8338,"href":"https:\/\/orangepadel.com\/sv\/wp-json\/wp\/v2\/pages\/8333\/revisions\/8338"}],"up":[{"embeddable":true,"href":"https:\/\/orangepadel.com\/sv\/wp-json\/wp\/v2\/pages\/8263"}],"wp:attachment":[{"href":"https:\/\/orangepadel.com\/sv\/wp-json\/wp\/v2\/media?parent=8333"}],"curies":[{"name":"wp","href":"https:\/\/api.w.org\/{rel}","templated":true}]}}