{"id":8358,"date":"2023-03-20T12:27:18","date_gmt":"2023-03-20T12:27:18","guid":{"rendered":"https:\/\/orangepadel.com\/aktiviteter-evenemang\/turnering-sponsrad-av-quironsalud-den-1a-och-2a-april-har-vi-en-stor-turnering\/"},"modified":"2023-03-20T12:27:18","modified_gmt":"2023-03-20T12:27:18","slug":"turnering-sponsrad-av-quironsalud-den-1a-och-2a-april-har-vi-en-stor-turnering","status":"publish","type":"page","link":"https:\/\/orangepadel.com\/sv\/aktiviteter-evenemang\/turnering-sponsrad-av-quironsalud-den-1a-och-2a-april-har-vi-en-stor-turnering\/","title":{"rendered":"Turnering sponsrad av Quironsalud! Den 1:a och 2:a april har vi en stor turnering."},"content":{"rendered":"<div class=\"x11i5rnm xat24cr x1mh8g0r x1vvkbs xtlvy1s x126k92a\">\n<div dir=\"auto\"><strong>Category:<\/strong><\/div>\n<div dir=\"auto\">* Herrar niv\u00e5 3, 4 och 5<\/div>\n<div dir=\"auto\">* Damer niv\u00e5 4 och 5<\/div>\n<div dir=\"auto\">* Herrar veteran 55+<\/div>\n<div dir=\"auto\">* Damer veteran 55+<\/div>\n<div dir=\"auto\">(Max 16 par\/kategori)<\/div>\n<\/div>\n<div class=\"x11i5rnm xat24cr x1mh8g0r x1vvkbs xtlvy1s x126k92a\">\n<div dir=\"auto\"><strong><br \/>\nInformation:<\/strong><\/div>\n<div dir=\"auto\">* Du spelar hela matcher med golden point.<\/div>\n<div dir=\"auto\">* Alla lag f\u00e5r minst 2 matcher.<\/div>\n<div dir=\"auto\">* Alla lag f\u00e5r ett v\u00e4lkomstpaket och paella p\u00e5 l\u00f6rdag<\/div>\n<div dir=\"auto\">* Dag 2, den 2 april spelar vi final s\u00e5 endast vinnarna spelar denna dag.<\/p>\n<\/div>\n<\/div>\n<div class=\"x11i5rnm xat24cr x1mh8g0r x1vvkbs xtlvy1s x126k92a\">\n<div dir=\"auto\"><strong>Kostnad och anm\u00e4lan:<\/strong><\/div>\n<div dir=\"auto\">Skicka ett mail till info@orangepadel.com skriv din:<\/div>\n<div dir=\"auto\">* Fullst\u00e4ndigt namn och din partners namn<\/div>\n<div dir=\"auto\">* kategorin du vill spela<\/div>\n<div dir=\"auto\">* ditt telefonnummer.<\/div>\n<div dir=\"auto\">* Sista anm\u00e4lningsdag \u00e4r den 24\/3.<\/div>\n<div dir=\"auto\">* Kostnaden \u00e4r 25\u20ac\/person, inkluderar v\u00e4lkomstpaket, paella p\u00e5 l\u00f6rdag och padel.<\/div>\n<div dir=\"auto\">* F\u00f6rsta pris i h\u00f6gsta kategori f\u00f6r m\u00e4n och kvinnor \u00e4r ett premiumh\u00e4lsokort p\u00e5 Quiron f\u00f6r 1 \u00e5r. Andra priset \u00e4r tandblekning.<\/div>\n<div dir=\"auto\">* Betala p\u00e5 plats<\/div>\n<div dir=\"auto\">* F\u00f6r fr\u00e5gor skicka WhatsApp till +46 73-150 7049 eller info@orangepadel.com<\/div>\n<\/div>\n","protected":false},"excerpt":{"rendered":"<p>Category: * Herrar niv\u00e5 3, 4 och 5 * Damer niv\u00e5 4 och 5 * Herrar veteran 55+ * Damer veteran 55+ (Max 16 par\/kategori) Information: * Du spelar hela matcher med golden point. * Alla lag f\u00e5r minst 2 matcher. * Alla lag f\u00e5r ett v\u00e4lkomstpaket och paella p\u00e5 l\u00f6rdag * Dag 2, den<\/p>\n","protected":false},"author":4,"featured_media":7292,"parent":8263,"menu_order":3,"comment_status":"closed","ping_status":"closed","template":"","meta":{"footnotes":""},"class_list":["post-8358","page","type-page","status-publish","has-post-thumbnail","hentry"],"yoast_head":"<!-- This site is optimized with the Yoast SEO plugin v27.0 - https:\/\/yoast.com\/product\/yoast-seo-wordpress\/ -->\n<title>Turnering sponsrad av Quironsalud! Den 1:a och 2:a april har vi en stor turnering. - Orange Padel - For the love of padel<\/title>\n<meta name=\"robots\" content=\"index, follow, max-snippet:-1, max-image-preview:large, max-video-preview:-1\" \/>\n<link rel=\"canonical\" href=\"https:\/\/orangepadel.com\/sv\/aktiviteter-evenemang\/turnering-sponsrad-av-quironsalud-den-1a-och-2a-april-har-vi-en-stor-turnering\/\" \/>\n<meta property=\"og:locale\" content=\"sv_SE\" \/>\n<meta property=\"og:type\" content=\"article\" \/>\n<meta property=\"og:title\" content=\"Turnering sponsrad av Quironsalud! Den 1:a och 2:a april har vi en stor turnering. - Orange Padel - For the love of padel\" \/>\n<meta property=\"og:description\" content=\"Category: * Herrar niv\u00e5 3, 4 och 5 * Damer niv\u00e5 4 och 5 * Herrar veteran 55+ * Damer veteran 55+ (Max 16 par\/kategori) Information: * Du spelar hela matcher med golden point. * Alla lag f\u00e5r minst 2 matcher. * Alla lag f\u00e5r ett v\u00e4lkomstpaket och paella p\u00e5 l\u00f6rdag * Dag 2, den\" \/>\n<meta property=\"og:url\" content=\"https:\/\/orangepadel.com\/sv\/aktiviteter-evenemang\/turnering-sponsrad-av-quironsalud-den-1a-och-2a-april-har-vi-en-stor-turnering\/\" \/>\n<meta property=\"og:site_name\" content=\"Orange Padel - For the love of padel\" \/>\n<meta property=\"article:publisher\" content=\"https:\/\/www.facebook.com\/orangepadelspain\" \/>\n<meta name=\"twitter:card\" content=\"summary_large_image\" \/>\n<meta name=\"twitter:label1\" content=\"Ber\u00e4knad l\u00e4stid\" \/>\n\t<meta name=\"twitter:data1\" content=\"1 minut\" \/>\n<script type=\"application\/ld+json\" class=\"yoast-schema-graph\">{\"@context\":\"https:\/\/schema.org\",\"@graph\":[{\"@type\":\"WebPage\",\"@id\":\"https:\/\/orangepadel.com\/sv\/aktiviteter-evenemang\/turnering-sponsrad-av-quironsalud-den-1a-och-2a-april-har-vi-en-stor-turnering\/\",\"url\":\"https:\/\/orangepadel.com\/sv\/aktiviteter-evenemang\/turnering-sponsrad-av-quironsalud-den-1a-och-2a-april-har-vi-en-stor-turnering\/\",\"name\":\"Turnering sponsrad av Quironsalud! Den 1:a och 2:a april har vi en stor turnering. - Orange Padel - For the love of padel\",\"isPartOf\":{\"@id\":\"https:\/\/orangepadel.com\/sv\/#website\"},\"primaryImageOfPage\":{\"@id\":\"https:\/\/orangepadel.com\/sv\/aktiviteter-evenemang\/turnering-sponsrad-av-quironsalud-den-1a-och-2a-april-har-vi-en-stor-turnering\/#primaryimage\"},\"image\":{\"@id\":\"https:\/\/orangepadel.com\/sv\/aktiviteter-evenemang\/turnering-sponsrad-av-quironsalud-den-1a-och-2a-april-har-vi-en-stor-turnering\/#primaryimage\"},\"thumbnailUrl\":\"https:\/\/orangepadel.com\/wp-content\/uploads\/2023\/03\/OP-turnering.jpg\",\"datePublished\":\"2023-03-20T12:27:18+00:00\",\"breadcrumb\":{\"@id\":\"https:\/\/orangepadel.com\/sv\/aktiviteter-evenemang\/turnering-sponsrad-av-quironsalud-den-1a-och-2a-april-har-vi-en-stor-turnering\/#breadcrumb\"},\"inLanguage\":\"sv-SE\",\"potentialAction\":[{\"@type\":\"ReadAction\",\"target\":[\"https:\/\/orangepadel.com\/sv\/aktiviteter-evenemang\/turnering-sponsrad-av-quironsalud-den-1a-och-2a-april-har-vi-en-stor-turnering\/\"]}]},{\"@type\":\"ImageObject\",\"inLanguage\":\"sv-SE\",\"@id\":\"https:\/\/orangepadel.com\/sv\/aktiviteter-evenemang\/turnering-sponsrad-av-quironsalud-den-1a-och-2a-april-har-vi-en-stor-turnering\/#primaryimage\",\"url\":\"https:\/\/orangepadel.com\/wp-content\/uploads\/2023\/03\/OP-turnering.jpg\",\"contentUrl\":\"https:\/\/orangepadel.com\/wp-content\/uploads\/2023\/03\/OP-turnering.jpg\",\"width\":526,\"height\":526,\"caption\":\"Quironsalud Padel Tournamant\"},{\"@type\":\"BreadcrumbList\",\"@id\":\"https:\/\/orangepadel.com\/sv\/aktiviteter-evenemang\/turnering-sponsrad-av-quironsalud-den-1a-och-2a-april-har-vi-en-stor-turnering\/#breadcrumb\",\"itemListElement\":[{\"@type\":\"ListItem\",\"position\":1,\"name\":\"Home\",\"item\":\"https:\/\/orangepadel.com\/sv\/\"},{\"@type\":\"ListItem\",\"position\":2,\"name\":\"Aktiviteter &amp; evenemang\",\"item\":\"https:\/\/orangepadel.com\/sv\/aktiviteter-evenemang\/\"},{\"@type\":\"ListItem\",\"position\":3,\"name\":\"Turnering sponsrad av Quironsalud! Den 1:a och 2:a april har vi en stor turnering.\"}]},{\"@type\":\"WebSite\",\"@id\":\"https:\/\/orangepadel.com\/sv\/#website\",\"url\":\"https:\/\/orangepadel.com\/sv\/\",\"name\":\"Orange Padel - For the love of padel\",\"description\":\"Padel center in Torrevieja Spain. For the love of padel\",\"publisher\":{\"@id\":\"https:\/\/orangepadel.com\/sv\/#organization\"},\"potentialAction\":[{\"@type\":\"SearchAction\",\"target\":{\"@type\":\"EntryPoint\",\"urlTemplate\":\"https:\/\/orangepadel.com\/sv\/?s={search_term_string}\"},\"query-input\":{\"@type\":\"PropertyValueSpecification\",\"valueRequired\":true,\"valueName\":\"search_term_string\"}}],\"inLanguage\":\"sv-SE\"},{\"@type\":\"Organization\",\"@id\":\"https:\/\/orangepadel.com\/sv\/#organization\",\"name\":\"Orange Padel - For the love of padel\",\"url\":\"https:\/\/orangepadel.com\/sv\/\",\"logo\":{\"@type\":\"ImageObject\",\"inLanguage\":\"sv-SE\",\"@id\":\"https:\/\/orangepadel.com\/sv\/#\/schema\/logo\/image\/\",\"url\":\"https:\/\/orangepadel.com\/wp-content\/uploads\/2023\/07\/orange-padel-1000x350-1.jpg\",\"contentUrl\":\"https:\/\/orangepadel.com\/wp-content\/uploads\/2023\/07\/orange-padel-1000x350-1.jpg\",\"width\":1000,\"height\":350,\"caption\":\"Orange Padel - For the love of padel\"},\"image\":{\"@id\":\"https:\/\/orangepadel.com\/sv\/#\/schema\/logo\/image\/\"},\"sameAs\":[\"https:\/\/www.facebook.com\/orangepadelspain\",\"https:\/\/www.instagram.com\/orangepadelspain\/\"]}]}<\/script>\n<!-- \/ Yoast SEO plugin. -->","yoast_head_json":{"title":"Turnering sponsrad av Quironsalud! Den 1:a och 2:a april har vi en stor turnering. - Orange Padel - For the love of padel","robots":{"index":"index","follow":"follow","max-snippet":"max-snippet:-1","max-image-preview":"max-image-preview:large","max-video-preview":"max-video-preview:-1"},"canonical":"https:\/\/orangepadel.com\/sv\/aktiviteter-evenemang\/turnering-sponsrad-av-quironsalud-den-1a-och-2a-april-har-vi-en-stor-turnering\/","og_locale":"sv_SE","og_type":"article","og_title":"Turnering sponsrad av Quironsalud! Den 1:a och 2:a april har vi en stor turnering. - Orange Padel - For the love of padel","og_description":"Category: * Herrar niv\u00e5 3, 4 och 5 * Damer niv\u00e5 4 och 5 * Herrar veteran 55+ * Damer veteran 55+ (Max 16 par\/kategori) Information: * Du spelar hela matcher med golden point. * Alla lag f\u00e5r minst 2 matcher. * Alla lag f\u00e5r ett v\u00e4lkomstpaket och paella p\u00e5 l\u00f6rdag * Dag 2, den","og_url":"https:\/\/orangepadel.com\/sv\/aktiviteter-evenemang\/turnering-sponsrad-av-quironsalud-den-1a-och-2a-april-har-vi-en-stor-turnering\/","og_site_name":"Orange Padel - For the love of padel","article_publisher":"https:\/\/www.facebook.com\/orangepadelspain","twitter_card":"summary_large_image","twitter_misc":{"Ber\u00e4knad l\u00e4stid":"1 minut"},"schema":{"@context":"https:\/\/schema.org","@graph":[{"@type":"WebPage","@id":"https:\/\/orangepadel.com\/sv\/aktiviteter-evenemang\/turnering-sponsrad-av-quironsalud-den-1a-och-2a-april-har-vi-en-stor-turnering\/","url":"https:\/\/orangepadel.com\/sv\/aktiviteter-evenemang\/turnering-sponsrad-av-quironsalud-den-1a-och-2a-april-har-vi-en-stor-turnering\/","name":"Turnering sponsrad av Quironsalud! Den 1:a och 2:a april har vi en stor turnering. - Orange Padel - For the love of padel","isPartOf":{"@id":"https:\/\/orangepadel.com\/sv\/#website"},"primaryImageOfPage":{"@id":"https:\/\/orangepadel.com\/sv\/aktiviteter-evenemang\/turnering-sponsrad-av-quironsalud-den-1a-och-2a-april-har-vi-en-stor-turnering\/#primaryimage"},"image":{"@id":"https:\/\/orangepadel.com\/sv\/aktiviteter-evenemang\/turnering-sponsrad-av-quironsalud-den-1a-och-2a-april-har-vi-en-stor-turnering\/#primaryimage"},"thumbnailUrl":"https:\/\/orangepadel.com\/wp-content\/uploads\/2023\/03\/OP-turnering.jpg","datePublished":"2023-03-20T12:27:18+00:00","breadcrumb":{"@id":"https:\/\/orangepadel.com\/sv\/aktiviteter-evenemang\/turnering-sponsrad-av-quironsalud-den-1a-och-2a-april-har-vi-en-stor-turnering\/#breadcrumb"},"inLanguage":"sv-SE","potentialAction":[{"@type":"ReadAction","target":["https:\/\/orangepadel.com\/sv\/aktiviteter-evenemang\/turnering-sponsrad-av-quironsalud-den-1a-och-2a-april-har-vi-en-stor-turnering\/"]}]},{"@type":"ImageObject","inLanguage":"sv-SE","@id":"https:\/\/orangepadel.com\/sv\/aktiviteter-evenemang\/turnering-sponsrad-av-quironsalud-den-1a-och-2a-april-har-vi-en-stor-turnering\/#primaryimage","url":"https:\/\/orangepadel.com\/wp-content\/uploads\/2023\/03\/OP-turnering.jpg","contentUrl":"https:\/\/orangepadel.com\/wp-content\/uploads\/2023\/03\/OP-turnering.jpg","width":526,"height":526,"caption":"Quironsalud Padel Tournamant"},{"@type":"BreadcrumbList","@id":"https:\/\/orangepadel.com\/sv\/aktiviteter-evenemang\/turnering-sponsrad-av-quironsalud-den-1a-och-2a-april-har-vi-en-stor-turnering\/#breadcrumb","itemListElement":[{"@type":"ListItem","position":1,"name":"Home","item":"https:\/\/orangepadel.com\/sv\/"},{"@type":"ListItem","position":2,"name":"Aktiviteter &amp; evenemang","item":"https:\/\/orangepadel.com\/sv\/aktiviteter-evenemang\/"},{"@type":"ListItem","position":3,"name":"Turnering sponsrad av Quironsalud! Den 1:a och 2:a april har vi en stor turnering."}]},{"@type":"WebSite","@id":"https:\/\/orangepadel.com\/sv\/#website","url":"https:\/\/orangepadel.com\/sv\/","name":"Orange Padel - For the love of padel","description":"Padel center in Torrevieja Spain. For the love of padel","publisher":{"@id":"https:\/\/orangepadel.com\/sv\/#organization"},"potentialAction":[{"@type":"SearchAction","target":{"@type":"EntryPoint","urlTemplate":"https:\/\/orangepadel.com\/sv\/?s={search_term_string}"},"query-input":{"@type":"PropertyValueSpecification","valueRequired":true,"valueName":"search_term_string"}}],"inLanguage":"sv-SE"},{"@type":"Organization","@id":"https:\/\/orangepadel.com\/sv\/#organization","name":"Orange Padel - For the love of padel","url":"https:\/\/orangepadel.com\/sv\/","logo":{"@type":"ImageObject","inLanguage":"sv-SE","@id":"https:\/\/orangepadel.com\/sv\/#\/schema\/logo\/image\/","url":"https:\/\/orangepadel.com\/wp-content\/uploads\/2023\/07\/orange-padel-1000x350-1.jpg","contentUrl":"https:\/\/orangepadel.com\/wp-content\/uploads\/2023\/07\/orange-padel-1000x350-1.jpg","width":1000,"height":350,"caption":"Orange Padel - For the love of padel"},"image":{"@id":"https:\/\/orangepadel.com\/sv\/#\/schema\/logo\/image\/"},"sameAs":["https:\/\/www.facebook.com\/orangepadelspain","https:\/\/www.instagram.com\/orangepadelspain\/"]}]}},"_links":{"self":[{"href":"https:\/\/orangepadel.com\/sv\/wp-json\/wp\/v2\/pages\/8358","targetHints":{"allow":["GET"]}}],"collection":[{"href":"https:\/\/orangepadel.com\/sv\/wp-json\/wp\/v2\/pages"}],"about":[{"href":"https:\/\/orangepadel.com\/sv\/wp-json\/wp\/v2\/types\/page"}],"author":[{"embeddable":true,"href":"https:\/\/orangepadel.com\/sv\/wp-json\/wp\/v2\/users\/4"}],"replies":[{"embeddable":true,"href":"https:\/\/orangepadel.com\/sv\/wp-json\/wp\/v2\/comments?post=8358"}],"version-history":[{"count":0,"href":"https:\/\/orangepadel.com\/sv\/wp-json\/wp\/v2\/pages\/8358\/revisions"}],"up":[{"embeddable":true,"href":"https:\/\/orangepadel.com\/sv\/wp-json\/wp\/v2\/pages\/8263"}],"wp:featuredmedia":[{"embeddable":true,"href":"https:\/\/orangepadel.com\/sv\/wp-json\/wp\/v2\/media\/7292"}],"wp:attachment":[{"href":"https:\/\/orangepadel.com\/sv\/wp-json\/wp\/v2\/media?parent=8358"}],"curies":[{"name":"wp","href":"https:\/\/api.w.org\/{rel}","templated":true}]}}