{"id":8377,"date":"2021-11-16T16:57:37","date_gmt":"2021-11-16T16:57:37","guid":{"rendered":"https:\/\/orangepadel.com\/kontakta-oss\/"},"modified":"2025-02-05T09:04:44","modified_gmt":"2025-02-05T09:04:44","slug":"kontakta-oss","status":"publish","type":"page","link":"https:\/\/orangepadel.com\/sv\/kontakta-oss\/","title":{"rendered":"Kontakta oss"},"content":{"rendered":"<div class=\"fusion-fullwidth fullwidth-box fusion-builder-row-1 fusion-flex-container nonhundred-percent-fullwidth non-hundred-percent-height-scrolling fusion-animated\" style=\"--awb-background-position:left top;--awb-background-blend-mode:screen;--awb-border-sizes-top:0px;--awb-border-sizes-bottom:0px;--awb-border-sizes-left:0px;--awb-border-sizes-right:0px;--awb-border-color:var(--awb-color3);--awb-border-radius-top-left:0px;--awb-border-radius-top-right:0px;--awb-border-radius-bottom-right:0px;--awb-border-radius-bottom-left:0px;--awb-padding-top:100px;--awb-padding-right:0px;--awb-padding-bottom:100px;--awb-padding-left:0px;--awb-padding-top-medium:0px;--awb-padding-bottom-medium:0px;--awb-padding-top-small:0px;--awb-margin-top:-120px;--awb-margin-bottom:120px;--awb-margin-top-medium:-80px;--awb-margin-bottom-medium:80px;--awb-margin-top-small:-60px;--awb-margin-bottom-small:60px;--awb-background-color:hsla(var(--awb-custom_color_6-h),var(--awb-custom_color_6-s),var(--awb-custom_color_6-l),calc(var(--awb-custom_color_6-a) - 93%));--awb-flex-wrap:wrap;\" data-animationType=\"fadeInUp\" data-animationDuration=\"1.3\" data-animationOffset=\"top-into-view\" ><div class=\"fusion-builder-row fusion-row fusion-flex-align-items-stretch fusion-flex-justify-content-center fusion-flex-content-wrap\" style=\"max-width:calc( 1170px + 0px );margin-left: calc(-0px \/ 2 );margin-right: calc(-0px \/ 2 );\"><div class=\"fusion-layout-column fusion_builder_column fusion-builder-column-0 fusion-flex-column fusion-animated\" style=\"--awb-padding-top:2vw;--awb-padding-right:4vw;--awb-padding-bottom:2vw;--awb-padding-left:4vw;--awb-padding-top-small:0px;--awb-padding-right-small:30px;--awb-padding-bottom-small:0px;--awb-padding-left-small:30px;--awb-bg-color:var(--awb-color1);--awb-bg-color-hover:var(--awb-color1);--awb-bg-size:cover;--awb-width-large:55%;--awb-margin-top-large:0px;--awb-spacing-right-large:calc( 0.04 * calc( 100% - 0 ) );--awb-margin-bottom-large:0px;--awb-spacing-left-large:0px;--awb-width-medium:100%;--awb-order-medium:0;--awb-spacing-right-medium:0px;--awb-spacing-left-medium:0px;--awb-width-small:100%;--awb-order-small:1;--awb-spacing-right-small:0px;--awb-spacing-left-small:0px;\" data-animationType=\"fadeInUp\" data-animationDuration=\"1.3\" data-animationOffset=\"top-into-view\"><div class=\"fusion-column-wrapper fusion-column-has-shadow fusion-flex-justify-content-flex-start fusion-content-layout-column\"><div class=\"fusion-separator fusion-full-width-sep\" style=\"align-self: center;margin-left: auto;margin-right: auto;margin-bottom:40px;width:100%;\"><\/div><div class=\"fusion-text fusion-text-1\"><h2>Kontakta oss<\/h2>\n<\/div><div class=\"fusion-text fusion-text-2\"><p>Vi \u00e4lskar att h\u00f6ra fr\u00e5n dig! Vi \u00e5terkommer till dig s\u00e5 snart som m\u00f6jligt, eller inom 24 timmar. <\/p>\n<\/div>\n<div class=\"wpcf7 no-js\" id=\"wpcf7-f9302-o1\" lang=\"sv-SE\" dir=\"ltr\" data-wpcf7-id=\"9302\">\n<div class=\"screen-reader-response\"><p role=\"status\" aria-live=\"polite\" aria-atomic=\"true\"><\/p> <ul><\/ul><\/div>\n<form action=\"\/sv\/wp-json\/wp\/v2\/pages\/8377#wpcf7-f9302-o1\" method=\"post\" class=\"wpcf7-form init\" aria-label=\"Kontaktformul\u00e4r\" novalidate=\"novalidate\" data-status=\"init\">\n<fieldset class=\"hidden-fields-container\"><input type=\"hidden\" name=\"_wpcf7\" value=\"9302\" \/><input type=\"hidden\" name=\"_wpcf7_version\" value=\"6.1.3\" \/><input type=\"hidden\" name=\"_wpcf7_locale\" value=\"sv_SE\" \/><input type=\"hidden\" name=\"_wpcf7_unit_tag\" value=\"wpcf7-f9302-o1\" \/><input type=\"hidden\" name=\"_wpcf7_container_post\" value=\"0\" \/><input type=\"hidden\" name=\"_wpcf7_posted_data_hash\" value=\"\" \/><input type=\"hidden\" name=\"_wpcf7_recaptcha_response\" value=\"\" \/>\n<\/fieldset>\n<p><label> Ditt namn<br \/>\n<span class=\"wpcf7-form-control-wrap\" data-name=\"your-name\"><input size=\"40\" maxlength=\"400\" class=\"wpcf7-form-control wpcf7-text wpcf7-validates-as-required\" autocomplete=\"name\" aria-required=\"true\" aria-invalid=\"false\" value=\"\" type=\"text\" name=\"your-name\" \/><\/span> <\/label>\n<\/p>\n<p><label> Din e-post<br \/>\n<span class=\"wpcf7-form-control-wrap\" data-name=\"your-email\"><input size=\"40\" maxlength=\"400\" class=\"wpcf7-form-control wpcf7-email wpcf7-validates-as-required wpcf7-text wpcf7-validates-as-email\" autocomplete=\"email\" aria-required=\"true\" aria-invalid=\"false\" value=\"\" type=\"email\" name=\"your-email\" \/><\/span> <\/label>\n<\/p>\n<p><label> \u00c4mne<br \/>\n<span class=\"wpcf7-form-control-wrap\" data-name=\"your-subject\"><input size=\"40\" maxlength=\"400\" class=\"wpcf7-form-control wpcf7-text wpcf7-validates-as-required\" aria-required=\"true\" aria-invalid=\"false\" value=\"\" type=\"text\" name=\"your-subject\" \/><\/span> <\/label>\n<\/p>\n<p><label> Ditt meddelande (valfritt)<br \/>\n<span class=\"wpcf7-form-control-wrap\" data-name=\"your-message\"><textarea cols=\"40\" rows=\"10\" maxlength=\"2000\" class=\"wpcf7-form-control wpcf7-textarea\" aria-invalid=\"false\" name=\"your-message\"><\/textarea><\/span> <\/label>\n<\/p>\n<p><input class=\"wpcf7-form-control wpcf7-submit has-spinner\" type=\"submit\" value=\"Skicka\" \/>\n<\/p><div class=\"fusion-alert alert custom alert-custom fusion-alert-center wpcf7-response-output awb-alert-native-link-color alert-dismissable awb-alert-close-boxed\" style=\"--awb-border-size:1px;--awb-border-top-left-radius:0px;--awb-border-top-right-radius:0px;--awb-border-bottom-left-radius:0px;--awb-border-bottom-right-radius:0px;\" role=\"alert\"><div class=\"fusion-alert-content-wrapper\"><span class=\"fusion-alert-content\"><\/span><\/div><button type=\"button\" class=\"close toggle-alert\" data-dismiss=\"alert\" aria-label=\"Close\">&times;<\/button><\/div>\n<\/form>\n<\/div>\n<\/div><\/div><div class=\"fusion-layout-column fusion_builder_column fusion-builder-column-1 fusion-flex-column fusion-animated\" style=\"--awb-padding-top:2vw;--awb-padding-right:4vw;--awb-padding-bottom:2vw;--awb-padding-left:4vw;--awb-padding-top-small:0px;--awb-padding-right-small:30px;--awb-padding-bottom-small:0px;--awb-padding-left-small:30px;--awb-bg-color:var(--awb-color1);--awb-bg-color-hover:var(--awb-color1);--awb-bg-size:cover;--awb-width-large:55%;--awb-margin-top-large:0px;--awb-spacing-right-large:calc( 0.04 * calc( 100% - 0 ) );--awb-margin-bottom-large:0px;--awb-spacing-left-large:0px;--awb-width-medium:100%;--awb-order-medium:0;--awb-spacing-right-medium:0px;--awb-spacing-left-medium:0px;--awb-width-small:100%;--awb-order-small:1;--awb-spacing-right-small:0px;--awb-spacing-left-small:0px;\" data-animationType=\"fadeInUp\" data-animationDuration=\"1.3\" data-animationOffset=\"top-into-view\"><div class=\"fusion-column-wrapper fusion-column-has-shadow fusion-flex-justify-content-flex-start fusion-content-layout-column\"><div class=\"fusion-separator fusion-full-width-sep\" style=\"align-self: center;margin-left: auto;margin-right: auto;margin-bottom:30px;width:100%;\"><div class=\"fusion-separator-border sep-single sep-solid\" style=\"--awb-height:20px;--awb-amount:20px;--awb-sep-color:#f2f2f2;border-color:#f2f2f2;border-top-width:1px;\"><\/div><\/div><div class=\"fusion-reading-box-container reading-box-container-1\" style=\"--awb-title-color:var(--awb-color7);--awb-margin-top:0px;--awb-margin-bottom:20px;\"><div class=\"reading-box\" style=\"background-color:var(--awb-color2);border-width:1px;border-color:rgba(226,226,226,0);border-left-width:3px;border-left-color:var(--primary_color);border-style:solid;\"><h2>Adress<\/h2><div class=\"reading-box-additional fusion-reading-box-additional\">\n<p>Orange Padel Nordics, SL.<br \/>Calle Lim\u00f3n 19<br \/>03189 Orihuela Costa, Alicante<\/p>\n<p>E-mail: <a href=\"mailto:info@orangepadel.com\">info@orangepadel.com<\/a><br \/>Telefon: +34 605 593 883<\/p>\n<p>Organisationsnummer: ESB16803603<\/p>\n<\/div><div class=\"fusion-clearfix\"><\/div><\/div><\/div><div class=\"sm-text-align-center\"><a class=\"fusion-button button-flat fusion-button-default-size button-custom fusion-button-default button-1 fusion-button-span-yes fusion-button-default-type\" style=\"--button_accent_color:var(--awb-color1);--button_accent_hover_color:var(--awb-color1);--button_border_hover_color:var(--awb-color1);--button_gradient_top_color:#00b497;--button_gradient_bottom_color:#00b497;--button_gradient_top_color_hover:#009e85;--button_gradient_bottom_color_hover:#009e85;\" target=\"_blank\" rel=\"noopener noreferrer\" href=\"https:\/\/www.google.com\/maps\/dir\/\/Orange+Padel+Nordic,+S.L.+C.+Lim\u00f3n,+19+03189+Orihuela+Alicante,+Spain\/@37.9417136,-0.7255894,14z\/data=!4m8!4m7!1m0!1m5!1m1!1s0xd6307dd638af577:0x9d3f96d7770c2b59!2m2!1d-0.7255894!2d37.9417136\"><i class=\"fa-location-arrow fas awb-button__icon awb-button__icon--default button-icon-left\" aria-hidden=\"true\"><\/i><span class=\"fusion-button-text awb-button__text awb-button__text--default\">F\u00e5 v\u00e4gbeskrivningar h\u00e4r<\/span><\/a><\/div><div class=\"awb-openstreet-map awb-openstreet-map-1\" data-map-style=\"osm-carto\" data-map-type=\"marker\" data-zoom=\"14\" data-zoomsnap=\"1.0\" data-zoomcontrol=\"1\" data-scrollwheelzoom=\"1\" data-dragging=\"1\" data-touchzoom=\"1\" data-dbclickzoom=\"1\" data-fitbounds=\"1\" data-shape-color=\"rgba(25,143,217,1)\" data-shape-weight=\"3\"><div class=\"awb-openstreet-map-marker awb-openstreet-map-marker-1\" data-latitude=\"37.94269508721496\" data-longitude=\"-0.72593272272934\" data-icon=\"fa-map-marker-alt fas\" data-action=\"none\"><div class=\"awb-openstreet-map-marker-icon-wrapper\" style=\"--awb-background-color:#ed9646;\"><i class=\"fa-map-marker-alt fas\"><\/i><\/div><div class=\"awb-openstreet-map-content-wrapper\"><h5 class=\"awb-openstreet-map-marker-title\">Orange Padel Nordics S.L.<\/h5><\/div><\/div><\/div><\/div><\/div><\/div><\/div>\n","protected":false},"excerpt":{"rendered":"","protected":false},"author":1,"featured_media":5573,"parent":0,"menu_order":0,"comment_status":"closed","ping_status":"closed","template":"100-width.php","meta":{"footnotes":""},"class_list":["post-8377","page","type-page","status-publish","has-post-thumbnail","hentry"],"yoast_head":"<!-- This site is optimized with the Yoast SEO plugin v27.0 - https:\/\/yoast.com\/product\/yoast-seo-wordpress\/ -->\n<title>Kontakta Orange Padel - Har du n\u00e5gra fr\u00e5gor?<\/title>\n<meta name=\"description\" content=\"Skicka ett meddelande till oss om du har fr\u00e5gor om bokning av tr\u00e4ning, v\u00e5ra tr\u00e4nare, k\u00f6p av en Orange Padel t-shirt eller n\u00e5got annat.\" \/>\n<meta name=\"robots\" content=\"index, follow, max-snippet:-1, max-image-preview:large, max-video-preview:-1\" \/>\n<link rel=\"canonical\" href=\"https:\/\/orangepadel.com\/sv\/kontakta-oss\/\" \/>\n<meta property=\"og:locale\" content=\"sv_SE\" \/>\n<meta property=\"og:type\" content=\"article\" \/>\n<meta property=\"og:title\" content=\"Kontakta Orange Padel - Har du n\u00e5gra fr\u00e5gor?\" \/>\n<meta property=\"og:description\" content=\"Skicka ett meddelande till oss om du har fr\u00e5gor om bokning av tr\u00e4ning, v\u00e5ra tr\u00e4nare, k\u00f6p av en Orange Padel t-shirt eller n\u00e5got annat.\" \/>\n<meta property=\"og:url\" content=\"https:\/\/orangepadel.com\/sv\/kontakta-oss\/\" \/>\n<meta property=\"og:site_name\" content=\"Orange Padel - For the love of padel\" \/>\n<meta property=\"article:publisher\" content=\"https:\/\/www.facebook.com\/orangepadelspain\" \/>\n<meta property=\"article:modified_time\" content=\"2025-02-05T09:04:44+00:00\" \/>\n<meta property=\"og:image\" content=\"https:\/\/orangepadel.com\/wp-content\/uploads\/2023\/05\/orange-padel-facebook-home-2-1080-300x300.jpg\" \/>\n<meta name=\"twitter:card\" content=\"summary_large_image\" \/>\n<meta name=\"twitter:title\" content=\"Kontakta Orange Padel - Har du n\u00e5gra fr\u00e5gor?\" \/>\n<meta name=\"twitter:description\" content=\"Skicka ett meddelande till oss om du har fr\u00e5gor om bokning av tr\u00e4ning, v\u00e5ra tr\u00e4nare, k\u00f6p av en Orange Padel t-shirt eller n\u00e5got annat.\" \/>\n<meta name=\"twitter:image\" content=\"https:\/\/orangepadel.com\/wp-content\/uploads\/2023\/05\/orange-padel-facebook-home-2-1080-1024x1024.jpg\" \/>\n<meta name=\"twitter:label1\" content=\"Ber\u00e4knad l\u00e4stid\" \/>\n\t<meta name=\"twitter:data1\" content=\"5 minuter\" \/>\n<script type=\"application\/ld+json\" class=\"yoast-schema-graph\">{\"@context\":\"https:\/\/schema.org\",\"@graph\":[{\"@type\":\"WebPage\",\"@id\":\"https:\/\/orangepadel.com\/sv\/kontakta-oss\/\",\"url\":\"https:\/\/orangepadel.com\/sv\/kontakta-oss\/\",\"name\":\"Kontakta Orange Padel - Har du n\u00e5gra fr\u00e5gor?\",\"isPartOf\":{\"@id\":\"https:\/\/orangepadel.com\/sv\/#website\"},\"primaryImageOfPage\":{\"@id\":\"https:\/\/orangepadel.com\/sv\/kontakta-oss\/#primaryimage\"},\"image\":{\"@id\":\"https:\/\/orangepadel.com\/sv\/kontakta-oss\/#primaryimage\"},\"thumbnailUrl\":\"https:\/\/orangepadel.com\/wp-content\/uploads\/2022\/05\/padel-rack.jpg\",\"datePublished\":\"2021-11-16T16:57:37+00:00\",\"dateModified\":\"2025-02-05T09:04:44+00:00\",\"description\":\"Skicka ett meddelande till oss om du har fr\u00e5gor om bokning av tr\u00e4ning, v\u00e5ra tr\u00e4nare, k\u00f6p av en Orange Padel t-shirt eller n\u00e5got annat.\",\"breadcrumb\":{\"@id\":\"https:\/\/orangepadel.com\/sv\/kontakta-oss\/#breadcrumb\"},\"inLanguage\":\"sv-SE\",\"potentialAction\":[{\"@type\":\"ReadAction\",\"target\":[\"https:\/\/orangepadel.com\/sv\/kontakta-oss\/\"]}]},{\"@type\":\"ImageObject\",\"inLanguage\":\"sv-SE\",\"@id\":\"https:\/\/orangepadel.com\/sv\/kontakta-oss\/#primaryimage\",\"url\":\"https:\/\/orangepadel.com\/wp-content\/uploads\/2022\/05\/padel-rack.jpg\",\"contentUrl\":\"https:\/\/orangepadel.com\/wp-content\/uploads\/2022\/05\/padel-rack.jpg\",\"width\":985,\"height\":414},{\"@type\":\"BreadcrumbList\",\"@id\":\"https:\/\/orangepadel.com\/sv\/kontakta-oss\/#breadcrumb\",\"itemListElement\":[{\"@type\":\"ListItem\",\"position\":1,\"name\":\"Home\",\"item\":\"https:\/\/orangepadel.com\/sv\/\"},{\"@type\":\"ListItem\",\"position\":2,\"name\":\"Kontakta oss\"}]},{\"@type\":\"WebSite\",\"@id\":\"https:\/\/orangepadel.com\/sv\/#website\",\"url\":\"https:\/\/orangepadel.com\/sv\/\",\"name\":\"Orange Padel - For the love of padel\",\"description\":\"Padel center in Torrevieja Spain. For the love of padel\",\"publisher\":{\"@id\":\"https:\/\/orangepadel.com\/sv\/#organization\"},\"potentialAction\":[{\"@type\":\"SearchAction\",\"target\":{\"@type\":\"EntryPoint\",\"urlTemplate\":\"https:\/\/orangepadel.com\/sv\/?s={search_term_string}\"},\"query-input\":{\"@type\":\"PropertyValueSpecification\",\"valueRequired\":true,\"valueName\":\"search_term_string\"}}],\"inLanguage\":\"sv-SE\"},{\"@type\":\"Organization\",\"@id\":\"https:\/\/orangepadel.com\/sv\/#organization\",\"name\":\"Orange Padel - For the love of padel\",\"url\":\"https:\/\/orangepadel.com\/sv\/\",\"logo\":{\"@type\":\"ImageObject\",\"inLanguage\":\"sv-SE\",\"@id\":\"https:\/\/orangepadel.com\/sv\/#\/schema\/logo\/image\/\",\"url\":\"https:\/\/orangepadel.com\/wp-content\/uploads\/2023\/07\/orange-padel-1000x350-1.jpg\",\"contentUrl\":\"https:\/\/orangepadel.com\/wp-content\/uploads\/2023\/07\/orange-padel-1000x350-1.jpg\",\"width\":1000,\"height\":350,\"caption\":\"Orange Padel - For the love of padel\"},\"image\":{\"@id\":\"https:\/\/orangepadel.com\/sv\/#\/schema\/logo\/image\/\"},\"sameAs\":[\"https:\/\/www.facebook.com\/orangepadelspain\",\"https:\/\/www.instagram.com\/orangepadelspain\/\"]}]}<\/script>\n<!-- \/ Yoast SEO plugin. -->","yoast_head_json":{"title":"Kontakta Orange Padel - Har du n\u00e5gra fr\u00e5gor?","description":"Skicka ett meddelande till oss om du har fr\u00e5gor om bokning av tr\u00e4ning, v\u00e5ra tr\u00e4nare, k\u00f6p av en Orange Padel t-shirt eller n\u00e5got annat.","robots":{"index":"index","follow":"follow","max-snippet":"max-snippet:-1","max-image-preview":"max-image-preview:large","max-video-preview":"max-video-preview:-1"},"canonical":"https:\/\/orangepadel.com\/sv\/kontakta-oss\/","og_locale":"sv_SE","og_type":"article","og_title":"Kontakta Orange Padel - Har du n\u00e5gra fr\u00e5gor?","og_description":"Skicka ett meddelande till oss om du har fr\u00e5gor om bokning av tr\u00e4ning, v\u00e5ra tr\u00e4nare, k\u00f6p av en Orange Padel t-shirt eller n\u00e5got annat.","og_url":"https:\/\/orangepadel.com\/sv\/kontakta-oss\/","og_site_name":"Orange Padel - For the love of padel","article_publisher":"https:\/\/www.facebook.com\/orangepadelspain","article_modified_time":"2025-02-05T09:04:44+00:00","og_image":[{"url":"https:\/\/orangepadel.com\/wp-content\/uploads\/2023\/05\/orange-padel-facebook-home-2-1080-300x300.jpg","type":"","width":"","height":""}],"twitter_card":"summary_large_image","twitter_title":"Kontakta Orange Padel - Har du n\u00e5gra fr\u00e5gor?","twitter_description":"Skicka ett meddelande till oss om du har fr\u00e5gor om bokning av tr\u00e4ning, v\u00e5ra tr\u00e4nare, k\u00f6p av en Orange Padel t-shirt eller n\u00e5got annat.","twitter_image":"https:\/\/orangepadel.com\/wp-content\/uploads\/2023\/05\/orange-padel-facebook-home-2-1080-1024x1024.jpg","twitter_misc":{"Ber\u00e4knad l\u00e4stid":"5 minuter"},"schema":{"@context":"https:\/\/schema.org","@graph":[{"@type":"WebPage","@id":"https:\/\/orangepadel.com\/sv\/kontakta-oss\/","url":"https:\/\/orangepadel.com\/sv\/kontakta-oss\/","name":"Kontakta Orange Padel - Har du n\u00e5gra fr\u00e5gor?","isPartOf":{"@id":"https:\/\/orangepadel.com\/sv\/#website"},"primaryImageOfPage":{"@id":"https:\/\/orangepadel.com\/sv\/kontakta-oss\/#primaryimage"},"image":{"@id":"https:\/\/orangepadel.com\/sv\/kontakta-oss\/#primaryimage"},"thumbnailUrl":"https:\/\/orangepadel.com\/wp-content\/uploads\/2022\/05\/padel-rack.jpg","datePublished":"2021-11-16T16:57:37+00:00","dateModified":"2025-02-05T09:04:44+00:00","description":"Skicka ett meddelande till oss om du har fr\u00e5gor om bokning av tr\u00e4ning, v\u00e5ra tr\u00e4nare, k\u00f6p av en Orange Padel t-shirt eller n\u00e5got annat.","breadcrumb":{"@id":"https:\/\/orangepadel.com\/sv\/kontakta-oss\/#breadcrumb"},"inLanguage":"sv-SE","potentialAction":[{"@type":"ReadAction","target":["https:\/\/orangepadel.com\/sv\/kontakta-oss\/"]}]},{"@type":"ImageObject","inLanguage":"sv-SE","@id":"https:\/\/orangepadel.com\/sv\/kontakta-oss\/#primaryimage","url":"https:\/\/orangepadel.com\/wp-content\/uploads\/2022\/05\/padel-rack.jpg","contentUrl":"https:\/\/orangepadel.com\/wp-content\/uploads\/2022\/05\/padel-rack.jpg","width":985,"height":414},{"@type":"BreadcrumbList","@id":"https:\/\/orangepadel.com\/sv\/kontakta-oss\/#breadcrumb","itemListElement":[{"@type":"ListItem","position":1,"name":"Home","item":"https:\/\/orangepadel.com\/sv\/"},{"@type":"ListItem","position":2,"name":"Kontakta oss"}]},{"@type":"WebSite","@id":"https:\/\/orangepadel.com\/sv\/#website","url":"https:\/\/orangepadel.com\/sv\/","name":"Orange Padel - For the love of padel","description":"Padel center in Torrevieja Spain. For the love of padel","publisher":{"@id":"https:\/\/orangepadel.com\/sv\/#organization"},"potentialAction":[{"@type":"SearchAction","target":{"@type":"EntryPoint","urlTemplate":"https:\/\/orangepadel.com\/sv\/?s={search_term_string}"},"query-input":{"@type":"PropertyValueSpecification","valueRequired":true,"valueName":"search_term_string"}}],"inLanguage":"sv-SE"},{"@type":"Organization","@id":"https:\/\/orangepadel.com\/sv\/#organization","name":"Orange Padel - For the love of padel","url":"https:\/\/orangepadel.com\/sv\/","logo":{"@type":"ImageObject","inLanguage":"sv-SE","@id":"https:\/\/orangepadel.com\/sv\/#\/schema\/logo\/image\/","url":"https:\/\/orangepadel.com\/wp-content\/uploads\/2023\/07\/orange-padel-1000x350-1.jpg","contentUrl":"https:\/\/orangepadel.com\/wp-content\/uploads\/2023\/07\/orange-padel-1000x350-1.jpg","width":1000,"height":350,"caption":"Orange Padel - For the love of padel"},"image":{"@id":"https:\/\/orangepadel.com\/sv\/#\/schema\/logo\/image\/"},"sameAs":["https:\/\/www.facebook.com\/orangepadelspain","https:\/\/www.instagram.com\/orangepadelspain\/"]}]}},"_links":{"self":[{"href":"https:\/\/orangepadel.com\/sv\/wp-json\/wp\/v2\/pages\/8377","targetHints":{"allow":["GET"]}}],"collection":[{"href":"https:\/\/orangepadel.com\/sv\/wp-json\/wp\/v2\/pages"}],"about":[{"href":"https:\/\/orangepadel.com\/sv\/wp-json\/wp\/v2\/types\/page"}],"author":[{"embeddable":true,"href":"https:\/\/orangepadel.com\/sv\/wp-json\/wp\/v2\/users\/1"}],"replies":[{"embeddable":true,"href":"https:\/\/orangepadel.com\/sv\/wp-json\/wp\/v2\/comments?post=8377"}],"version-history":[{"count":7,"href":"https:\/\/orangepadel.com\/sv\/wp-json\/wp\/v2\/pages\/8377\/revisions"}],"predecessor-version":[{"id":9300,"href":"https:\/\/orangepadel.com\/sv\/wp-json\/wp\/v2\/pages\/8377\/revisions\/9300"}],"wp:featuredmedia":[{"embeddable":true,"href":"https:\/\/orangepadel.com\/sv\/wp-json\/wp\/v2\/media\/5573"}],"wp:attachment":[{"href":"https:\/\/orangepadel.com\/sv\/wp-json\/wp\/v2\/media?parent=8377"}],"curies":[{"name":"wp","href":"https:\/\/api.w.org\/{rel}","templated":true}]}}