{"id":8437,"date":"2022-12-05T14:28:06","date_gmt":"2022-12-05T14:28:06","guid":{"rendered":"https:\/\/orangepadel.com\/villkor\/"},"modified":"2024-06-19T11:00:24","modified_gmt":"2024-06-19T11:00:24","slug":"villkor","status":"publish","type":"page","link":"https:\/\/orangepadel.com\/sv\/villkor\/","title":{"rendered":"Villkor"},"content":{"rendered":"<div class=\"fusion-fullwidth fullwidth-box fusion-builder-row-1 fusion-flex-container has-pattern-background has-mask-background nonhundred-percent-fullwidth non-hundred-percent-height-scrolling\" style=\"--awb-border-radius-top-left:0px;--awb-border-radius-top-right:0px;--awb-border-radius-bottom-right:0px;--awb-border-radius-bottom-left:0px;--awb-margin-top:50px;--awb-flex-wrap:wrap;\" ><div class=\"fusion-builder-row fusion-row fusion-flex-align-items-flex-start fusion-flex-content-wrap\" style=\"max-width:1216.8px;margin-left: calc(-4% \/ 2 );margin-right: calc(-4% \/ 2 );\"><div class=\"fusion-layout-column fusion_builder_column fusion-builder-column-0 fusion_builder_column_1_1 1_1 fusion-flex-column\" style=\"--awb-bg-size:cover;--awb-width-large:100%;--awb-margin-top-large:0px;--awb-spacing-right-large:1.92%;--awb-margin-bottom-large:20px;--awb-spacing-left-large:1.92%;--awb-width-medium:100%;--awb-order-medium:0;--awb-spacing-right-medium:1.92%;--awb-spacing-left-medium:1.92%;--awb-width-small:100%;--awb-order-small:0;--awb-spacing-right-small:1.92%;--awb-spacing-left-small:1.92%;\"><div class=\"fusion-column-wrapper fusion-column-has-shadow fusion-flex-justify-content-flex-start fusion-content-layout-column\"><div class=\"fusion-title title fusion-title-1 fusion-title-text fusion-title-size-one\" style=\"--awb-font-size:40px;\"><div class=\"title-sep-container title-sep-container-left fusion-no-large-visibility fusion-no-medium-visibility fusion-no-small-visibility\"><div class=\"title-sep sep- sep-solid\" style=\"border-color:var(--awb-color3);\"><\/div><\/div><span class=\"awb-title-spacer fusion-no-large-visibility fusion-no-medium-visibility fusion-no-small-visibility\"><\/span><h1 class=\"fusion-title-heading title-heading-left fusion-responsive-typography-calculated\" style=\"font-family:&quot;ProximaNovaRegular&quot;;font-style:normal;font-weight:400;margin:0;text-transform:none;font-size:1em;--fontSize:40;line-height:var(--awb-typography1-line-height);\">Villkor<\/h1><span class=\"awb-title-spacer\"><\/span><div class=\"title-sep-container title-sep-container-right\"><div class=\"title-sep sep- sep-solid\" style=\"border-color:var(--awb-color3);\"><\/div><\/div><\/div><div class=\"fusion-text fusion-text-1\"><p>Handelsvillkoren nedan g\u00e4ller n\u00e4r du handlar p\u00e5 Orangepadel.com.<\/p>\n<h3 class=\"fusion-responsive-typography-calculated\" style=\"--fontsize: 25; line-height: 1.35;\" data-fontsize=\"25\" data-lineheight=\"33.75px\">Fraktkostnader<\/h3>\n<p><strong>Danmark och Sverige:<\/strong> Fri frakt vid best\u00e4llningar f\u00f6r 50\u20ac och \u00f6ver, annars kostar det 6\u20ac.<\/p>\n<p><strong>Belgien, Tyskland och Nederl\u00e4nderna:<\/strong> Fri frakt vid best\u00e4llningar f\u00f6r 80\u20ac och \u00f6ver annars kostar det: 8\u20ac.<\/p>\n<p>Du kommer att f\u00e5 ett e-postmeddelande med sp\u00e5rningsnumret n\u00e4r f\u00f6rs\u00e4ndelsen har skickats.<\/p>\n<p>Du har m\u00f6jlighet att v\u00e4lja leverans till din privata adress eller en f\u00f6retagsadress.<\/p>\n<p>Vi erbjuder f\u00f6ljande leveransalternativ:<\/p>\n<p>Leverans med: PostNord\/DHL i Sverige. DAO i Danmark. DHL, i Belgien, Tyskland and Nederl\u00e4nderna.<\/p>\n<h3 class=\"fusion-responsive-typography-calculated\" style=\"--fontsize: 25; line-height: 1.35;\" data-fontsize=\"25\" data-lineheight=\"33.75px\">Leveranstid<\/h3>\n<p>Normal leveranstid \u00e4r 3-5 arbetsdagar, det kan vara l\u00e4ngre f\u00f6r specialtryckt t-shirt.<\/p>\n<h3 class=\"fusion-responsive-typography-calculated\" style=\"--fontsize: 25; line-height: 1.35;\" data-fontsize=\"25\" data-lineheight=\"33.75px\">VAT<\/h3>\n<p>Alla angivna priser p\u00e5 Orangepadel.com \u00e4r inkl. 21% moms och anges i euro.<\/p>\n<h3 class=\"fusion-responsive-typography-calculated\" style=\"--fontsize: 25; line-height: 1.35;\" data-fontsize=\"25\" data-lineheight=\"33.75px\">Best\u00e4lla<\/h3>\n<p>P\u00e5 Orangepadel.com kan du best\u00e4lla varor via v\u00e5r hemsida. Om du har fr\u00e5gor om artiklar som inte finns p\u00e5 sidan, \u00e4r du v\u00e4lkommen att kontakta oss.<\/p>\n<p>Avtal p\u00e5 Orangepadel.com kan endast ing\u00e5s med personer som \u00e4r myndig (personer som har fyllt 18 \u00e5r). Om du \u00e4r under 18 \u00e5r kan avtalet endast ing\u00e5s av f\u00f6r\u00e4ldrar eller andra som lagligen kan agera f\u00f6r barnet eller den unges r\u00e4kning.<\/p>\n<h3 class=\"fusion-responsive-typography-calculated\" style=\"--fontsize: 25; line-height: 1.35;\" data-fontsize=\"25\" data-lineheight=\"33.75px\">S\u00e5 h\u00e4r handlar du hos oss<\/h3>\n<p>F\u00f6r att g\u00f6ra ett k\u00f6p p\u00e5 Orangepadel.com m\u00e5ste du g\u00e5 igenom 5 steg.<\/p>\n<p>Hitta varan\/varorna du vill ha och l\u00e4gg dem i varukorgen och g\u00e5 sedan till kassan.<\/p>\n<p>Ange din personliga information<\/p>\n<p>V\u00e4lj frakt\/betalningsmetod<\/p>\n<p>Acceptera v\u00e5ra aff\u00e4rsvillkor.<\/p>\n<p>Kontrollera att all information st\u00e4mmer och godk\u00e4nn k\u00f6pet.<\/p>\n<h3>Skr\u00e4ddarsydda t-shirts<\/h3>\n<p>Varje t-shirt trycks individuellt och d\u00e4rf\u00f6r finns det inte tv\u00e5 t-shirts d\u00e4r logotypen och det anpassade trycket \u00e4r placerade p\u00e5 samma plats.<br \/>\nBilder p\u00e5 produkten kan avvika n\u00e5got fr\u00e5n den slutliga designen.<\/p>\n<h3 class=\"fusion-responsive-typography-calculated\" style=\"--fontsize: 25; line-height: 1.35;\" data-fontsize=\"25\" data-lineheight=\"33.75px\">Betalning<\/h3>\n<p>F\u00f6r att ing\u00e5 ett avtal via v\u00e5r webbplats f\u00f6r att k\u00f6pa produkter fr\u00e5n oss, m\u00e5ste f\u00f6ljande steg vidtas: du m\u00e5ste l\u00e4gga till de produkter du vill k\u00f6pa i din kundvagn och sedan g\u00e5 vidare till kassan; du kommer att \u00f6verf\u00f6ras till v\u00e5r betaltj\u00e4nstleverant\u00f6rs betalningsgateway, Stripe, och v\u00e5r betaltj\u00e4nstleverant\u00f6r kommer att hantera din betalning; vi skickar dig sedan en orderbekr\u00e4ftelse och ett e-postmeddelande f\u00f6r att meddela dig n\u00e4r varan har skickats. Vi anv\u00e4nder Stripe integrerade kassasystem, helt s\u00e4kra, PCI-kompatibla och SSL-aktiverade.<\/p>\n<h3 class=\"fusion-responsive-typography-calculated\" style=\"--fontsize: 25; line-height: 1.35;\" data-fontsize=\"25\" data-lineheight=\"33.75px\">\u00c5ngerr\u00e4tt<\/h3>\n<p>Som konsument har du 14 dagars \u00e5ngerr\u00e4tt n\u00e4r du handlar hos oss.<\/p>\n<p>\u00c5ngerfristen l\u00f6per ut 14 dagar efter den dag du mottog din vara. Har du best\u00e4llt flera olika varor i en best\u00e4llning, men de levereras individuellt, l\u00f6per tidsfristen fr\u00e5n den dag du f\u00e5r den sista varan.<\/p>\n<h3 class=\"fusion-responsive-typography-calculated\" style=\"--fontsize: 25; line-height: 1.35;\" data-fontsize=\"25\" data-lineheight=\"33.75px\">Dessa avtal kan inte s\u00e4gas upp:<\/h3>\n<p>P\u00e5 grund av arten av anpassade tryckta t-shirts kan vi inte acceptera returer eller byten av n\u00e5gra varor s\u00e5vida inte varan \u00e4r feltryckt, v\u00e4sentligt defekt eller defekt p\u00e5 n\u00e5got s\u00e4tt, v\u00e4nligen kontakta oss p\u00e5 <a href=\"info@orangepadel.com\">info@orangepadel.com<\/a> <span style=\"color: var(--body_typography-color); font-family: var(--body_typography-font-family); font-size: var(--body_typography-font-size); font-style: var(--body_typography-font-style,normal); letter-spacing: var(--body_typography-letter-spacing);\">inom 7 dagar fr\u00e5n mottagandet av varor och vi<\/span><span style=\"color: var(--body_typography-color); font-family: var(--body_typography-font-family); font-size: var(--body_typography-font-size); font-style: var(--body_typography-font-style,normal); letter-spacing: var(--body_typography-letter-spacing);\">ordnar g\u00e4rna ett returtryck eller kreditering. V\u00e4nligen ange ditt ordernummer med all <\/span>korrespondens.<\/p>\n<p>Se till att du f\u00e5r r\u00e4tt storlek med hj\u00e4lp av v\u00e5r storleksguide. Vi kan inte ansvara f\u00f6r k\u00f6p av felaktiga storlekar och kommer inte att kunna acceptera returer av denna anledning n\u00e4r plaggen \u00e4r specialtryckta<\/p>\n<h3 class=\"fusion-responsive-typography-calculated\" style=\"--fontsize: 25; line-height: 1.35;\" data-fontsize=\"25\" data-lineheight=\"33.75px\">Varans skick n\u00e4r du skickar tillbaka den<\/h3>\n<p>Om varan har tappat i v\u00e4rde och det beror p\u00e5 att du har anv\u00e4nt den p\u00e5 annat s\u00e4tt \u00e4n vad som var n\u00f6dv\u00e4ndigt f\u00f6r att fastst\u00e4lla varans art, egenskaper och funktionss\u00e4tt, kan du endast f\u00e5 tillbaka en del av k\u00f6pesumman. Hur mycket du kan f\u00e5 tillbaka beror p\u00e5 varans kommersiella v\u00e4rde, och i vissa fall kan det inneb\u00e4ra att du bara kan f\u00e5 tillbaka fraktkostnaderna.<\/p>\n<h3 class=\"fusion-responsive-typography-calculated\" style=\"--fontsize: 25; line-height: 1.35;\" data-fontsize=\"25\" data-lineheight=\"33.75px\">Vi rekommenderar att du skickar tillbaka varan i originalf\u00f6rpackningen.<\/h3>\n<p>Om originalf\u00f6rpackningen saknas kan detta leda till att varans v\u00e4rde minskar.<\/p>\n<h3 class=\"fusion-responsive-typography-calculated\" style=\"--fontsize: 25; line-height: 1.35;\" data-fontsize=\"25\" data-lineheight=\"33.75px\">\u00c5terbetalningar (om till\u00e4mpligt)<\/h3>\n<p>Om du \u00e5ngrar ditt k\u00f6p f\u00e5r du pengarna tillbaka. N\u00e4r din retur har mottagits och inspekterats skickar vi ett e-postmeddelande till dig f\u00f6r att meddela att vi har tagit emot din returnerade vara. Vi kommer ocks\u00e5 att meddela dig om godk\u00e4nnande eller avslag p\u00e5 din \u00e5terbetalning.<\/p>\n<p>Vi kommer att \u00e5terbetala alla betalningar som erh\u00e5llits fr\u00e5n dig, inklusive leveranskostnader (g\u00e4ller dock inte specialtryckta t-shirts), senast 14 dagar fr\u00e5n den dag d\u00e5 vi mottagit ditt meddelande om att du vill s\u00e4ga upp avtalet.<\/p>\n<p><span style=\"color: var(--body_typography-color); font-family: var(--body_typography-font-family); font-size: var(--body_typography-font-size); font-style: var(--body_typography-font-style,normal); letter-spacing: var(--body_typography-letter-spacing);\">Vi returnerar pengarna med samma betalningsmedel som du anv\u00e4nde vid k\u00f6pet, om vi inte har kommit \u00f6verens om annat.<\/span><\/p>\n<p>Vi kan h\u00e5lla inne betalningen tills vi har tagit emot varan, s\u00e5vida du inte skickar oss dokumentation om att du har returnerat den.<\/p>\n<p><span style=\"color: var(--body_typography-color); font-family: var(--body_typography-font-family); font-size: var(--body_typography-font-size); font-style: var(--body_typography-font-style,normal); letter-spacing: var(--body_typography-letter-spacing);\">Varan skickas till:<\/span><\/p>\n<p>Orange Padel Nordics, SL.<br \/>\nCalle Lim\u00f3n 19<br \/>\n03189 Orihuela Costa, Alicante<br \/>\nSpanien<\/p>\n<p>I Sverige och Danmark:<\/p>\n<p>Orange Padel Nordics, SL. &#8211; v\/Filial av E-Invasion A\/S<br \/>\nSt\u00e5lkulegatan 2 E<br \/>\n212 28 Malm\u00f6<br \/>\nSverige<\/p>\n<p>Vi tar bara emot paket som skickas direkt till adressen.<\/p>\n<p>G\u00e4ller fr\u00e5n 15 december 2022<\/p>\n<\/div><\/div><\/div><\/div><\/div>\n","protected":false},"excerpt":{"rendered":"","protected":false},"author":1,"featured_media":0,"parent":0,"menu_order":0,"comment_status":"closed","ping_status":"closed","template":"","meta":{"footnotes":""},"class_list":["post-8437","page","type-page","status-publish","hentry"],"yoast_head":"<!-- This site is optimized with the Yoast SEO plugin v27.0 - https:\/\/yoast.com\/product\/yoast-seo-wordpress\/ -->\n<title>Villkor - Orange Padel - For the love of padel<\/title>\n<meta name=\"robots\" content=\"index, follow, max-snippet:-1, max-image-preview:large, max-video-preview:-1\" \/>\n<link rel=\"canonical\" href=\"https:\/\/orangepadel.com\/sv\/villkor\/\" \/>\n<meta property=\"og:locale\" content=\"sv_SE\" \/>\n<meta property=\"og:type\" content=\"article\" \/>\n<meta property=\"og:title\" content=\"Villkor - Orange Padel - For the love of padel\" \/>\n<meta property=\"og:url\" content=\"https:\/\/orangepadel.com\/sv\/villkor\/\" \/>\n<meta property=\"og:site_name\" content=\"Orange Padel - For the love of padel\" \/>\n<meta property=\"article:publisher\" content=\"https:\/\/www.facebook.com\/orangepadelspain\" \/>\n<meta property=\"article:modified_time\" content=\"2024-06-19T11:00:24+00:00\" \/>\n<meta name=\"twitter:card\" content=\"summary_large_image\" \/>\n<meta name=\"twitter:label1\" content=\"Ber\u00e4knad l\u00e4stid\" \/>\n\t<meta name=\"twitter:data1\" content=\"7 minuter\" \/>\n<script type=\"application\/ld+json\" class=\"yoast-schema-graph\">{\"@context\":\"https:\/\/schema.org\",\"@graph\":[{\"@type\":\"WebPage\",\"@id\":\"https:\/\/orangepadel.com\/sv\/villkor\/\",\"url\":\"https:\/\/orangepadel.com\/sv\/villkor\/\",\"name\":\"Villkor - Orange Padel - For the love of padel\",\"isPartOf\":{\"@id\":\"https:\/\/orangepadel.com\/sv\/#website\"},\"datePublished\":\"2022-12-05T14:28:06+00:00\",\"dateModified\":\"2024-06-19T11:00:24+00:00\",\"breadcrumb\":{\"@id\":\"https:\/\/orangepadel.com\/sv\/villkor\/#breadcrumb\"},\"inLanguage\":\"sv-SE\",\"potentialAction\":[{\"@type\":\"ReadAction\",\"target\":[\"https:\/\/orangepadel.com\/sv\/villkor\/\"]}]},{\"@type\":\"BreadcrumbList\",\"@id\":\"https:\/\/orangepadel.com\/sv\/villkor\/#breadcrumb\",\"itemListElement\":[{\"@type\":\"ListItem\",\"position\":1,\"name\":\"Home\",\"item\":\"https:\/\/orangepadel.com\/sv\/\"},{\"@type\":\"ListItem\",\"position\":2,\"name\":\"Villkor\"}]},{\"@type\":\"WebSite\",\"@id\":\"https:\/\/orangepadel.com\/sv\/#website\",\"url\":\"https:\/\/orangepadel.com\/sv\/\",\"name\":\"Orange Padel - For the love of padel\",\"description\":\"Padel center in Torrevieja Spain. For the love of padel\",\"publisher\":{\"@id\":\"https:\/\/orangepadel.com\/sv\/#organization\"},\"potentialAction\":[{\"@type\":\"SearchAction\",\"target\":{\"@type\":\"EntryPoint\",\"urlTemplate\":\"https:\/\/orangepadel.com\/sv\/?s={search_term_string}\"},\"query-input\":{\"@type\":\"PropertyValueSpecification\",\"valueRequired\":true,\"valueName\":\"search_term_string\"}}],\"inLanguage\":\"sv-SE\"},{\"@type\":\"Organization\",\"@id\":\"https:\/\/orangepadel.com\/sv\/#organization\",\"name\":\"Orange Padel - For the love of padel\",\"url\":\"https:\/\/orangepadel.com\/sv\/\",\"logo\":{\"@type\":\"ImageObject\",\"inLanguage\":\"sv-SE\",\"@id\":\"https:\/\/orangepadel.com\/sv\/#\/schema\/logo\/image\/\",\"url\":\"https:\/\/orangepadel.com\/wp-content\/uploads\/2023\/07\/orange-padel-1000x350-1.jpg\",\"contentUrl\":\"https:\/\/orangepadel.com\/wp-content\/uploads\/2023\/07\/orange-padel-1000x350-1.jpg\",\"width\":1000,\"height\":350,\"caption\":\"Orange Padel - For the love of padel\"},\"image\":{\"@id\":\"https:\/\/orangepadel.com\/sv\/#\/schema\/logo\/image\/\"},\"sameAs\":[\"https:\/\/www.facebook.com\/orangepadelspain\",\"https:\/\/www.instagram.com\/orangepadelspain\/\"]}]}<\/script>\n<!-- \/ Yoast SEO plugin. -->","yoast_head_json":{"title":"Villkor - Orange Padel - For the love of padel","robots":{"index":"index","follow":"follow","max-snippet":"max-snippet:-1","max-image-preview":"max-image-preview:large","max-video-preview":"max-video-preview:-1"},"canonical":"https:\/\/orangepadel.com\/sv\/villkor\/","og_locale":"sv_SE","og_type":"article","og_title":"Villkor - Orange Padel - For the love of padel","og_url":"https:\/\/orangepadel.com\/sv\/villkor\/","og_site_name":"Orange Padel - For the love of padel","article_publisher":"https:\/\/www.facebook.com\/orangepadelspain","article_modified_time":"2024-06-19T11:00:24+00:00","twitter_card":"summary_large_image","twitter_misc":{"Ber\u00e4knad l\u00e4stid":"7 minuter"},"schema":{"@context":"https:\/\/schema.org","@graph":[{"@type":"WebPage","@id":"https:\/\/orangepadel.com\/sv\/villkor\/","url":"https:\/\/orangepadel.com\/sv\/villkor\/","name":"Villkor - Orange Padel - For the love of padel","isPartOf":{"@id":"https:\/\/orangepadel.com\/sv\/#website"},"datePublished":"2022-12-05T14:28:06+00:00","dateModified":"2024-06-19T11:00:24+00:00","breadcrumb":{"@id":"https:\/\/orangepadel.com\/sv\/villkor\/#breadcrumb"},"inLanguage":"sv-SE","potentialAction":[{"@type":"ReadAction","target":["https:\/\/orangepadel.com\/sv\/villkor\/"]}]},{"@type":"BreadcrumbList","@id":"https:\/\/orangepadel.com\/sv\/villkor\/#breadcrumb","itemListElement":[{"@type":"ListItem","position":1,"name":"Home","item":"https:\/\/orangepadel.com\/sv\/"},{"@type":"ListItem","position":2,"name":"Villkor"}]},{"@type":"WebSite","@id":"https:\/\/orangepadel.com\/sv\/#website","url":"https:\/\/orangepadel.com\/sv\/","name":"Orange Padel - For the love of padel","description":"Padel center in Torrevieja Spain. For the love of padel","publisher":{"@id":"https:\/\/orangepadel.com\/sv\/#organization"},"potentialAction":[{"@type":"SearchAction","target":{"@type":"EntryPoint","urlTemplate":"https:\/\/orangepadel.com\/sv\/?s={search_term_string}"},"query-input":{"@type":"PropertyValueSpecification","valueRequired":true,"valueName":"search_term_string"}}],"inLanguage":"sv-SE"},{"@type":"Organization","@id":"https:\/\/orangepadel.com\/sv\/#organization","name":"Orange Padel - For the love of padel","url":"https:\/\/orangepadel.com\/sv\/","logo":{"@type":"ImageObject","inLanguage":"sv-SE","@id":"https:\/\/orangepadel.com\/sv\/#\/schema\/logo\/image\/","url":"https:\/\/orangepadel.com\/wp-content\/uploads\/2023\/07\/orange-padel-1000x350-1.jpg","contentUrl":"https:\/\/orangepadel.com\/wp-content\/uploads\/2023\/07\/orange-padel-1000x350-1.jpg","width":1000,"height":350,"caption":"Orange Padel - For the love of padel"},"image":{"@id":"https:\/\/orangepadel.com\/sv\/#\/schema\/logo\/image\/"},"sameAs":["https:\/\/www.facebook.com\/orangepadelspain","https:\/\/www.instagram.com\/orangepadelspain\/"]}]}},"_links":{"self":[{"href":"https:\/\/orangepadel.com\/sv\/wp-json\/wp\/v2\/pages\/8437","targetHints":{"allow":["GET"]}}],"collection":[{"href":"https:\/\/orangepadel.com\/sv\/wp-json\/wp\/v2\/pages"}],"about":[{"href":"https:\/\/orangepadel.com\/sv\/wp-json\/wp\/v2\/types\/page"}],"author":[{"embeddable":true,"href":"https:\/\/orangepadel.com\/sv\/wp-json\/wp\/v2\/users\/1"}],"replies":[{"embeddable":true,"href":"https:\/\/orangepadel.com\/sv\/wp-json\/wp\/v2\/comments?post=8437"}],"version-history":[{"count":2,"href":"https:\/\/orangepadel.com\/sv\/wp-json\/wp\/v2\/pages\/8437\/revisions"}],"predecessor-version":[{"id":8441,"href":"https:\/\/orangepadel.com\/sv\/wp-json\/wp\/v2\/pages\/8437\/revisions\/8441"}],"wp:attachment":[{"href":"https:\/\/orangepadel.com\/sv\/wp-json\/wp\/v2\/media?parent=8437"}],"curies":[{"name":"wp","href":"https:\/\/api.w.org\/{rel}","templated":true}]}}