{"id":8509,"date":"2023-03-20T12:27:18","date_gmt":"2023-03-20T12:27:18","guid":{"rendered":"https:\/\/orangepadel.com\/actividades-eventos\/torneo-cuyo-sponsor-es-hospital-quiron-salud-el-1-y-2-de-abril\/"},"modified":"2023-03-20T12:27:18","modified_gmt":"2023-03-20T12:27:18","slug":"torneo-cuyo-sponsor-es-hospital-quiron-salud-el-1-y-2-de-abril","status":"publish","type":"page","link":"https:\/\/orangepadel.com\/es\/actividades-eventos\/torneo-cuyo-sponsor-es-hospital-quiron-salud-el-1-y-2-de-abril\/","title":{"rendered":"Torneo cuyo sponsor es Hospital Quiron Salud el 1 y 2 de Abril"},"content":{"rendered":"<div class=\"x11i5rnm xat24cr x1mh8g0r x1vvkbs xtlvy1s x126k92a\">\n<div dir=\"auto\"><strong>Categoria:<\/strong><\/div>\n<div dir=\"auto\">* Masculina 3,4 y 5<\/div>\n<div dir=\"auto\">* Femenina 4 y 5<\/div>\n<div dir=\"auto\">* Masculina veteranos de +55 a\u00f1os<\/div>\n<div dir=\"auto\">* Femenina veteranas de + 55 a\u00f1os<\/div>\n<div dir=\"auto\">( M\u00e1ximo 16 parejas\/categoria)<\/div>\n<\/div>\n<div class=\"x11i5rnm xat24cr x1mh8g0r x1vvkbs xtlvy1s x126k92a\">\n<div dir=\"auto\"><strong><br \/>\nInformaci\u00f3n:<\/strong><\/div>\n<div dir=\"auto\">* Se juegan los partidos con punto de oro<\/div>\n<div dir=\"auto\">* Todos los equipos juegan al menos 3 partidos<\/div>\n<div dir=\"auto\">* Se entregan a todos los participantes un pack de bienvenida y paella el s\u00e1bado.<\/div>\n<div dir=\"auto\">* El d\u00eda 2 de abril se juegan las finales y solo jugar\u00e1n los finalistas.<\/p>\n<\/div>\n<\/div>\n<div class=\"x11i5rnm xat24cr x1mh8g0r x1vvkbs xtlvy1s x126k92a\">\n<div dir=\"auto\"><strong>Precio y registro:<\/strong><\/div>\n<div dir=\"auto\">Envia un correo a info@orangepadel.com y pon:<\/div>\n<div dir=\"auto\">* Nombre y apellidos<\/div>\n<div dir=\"auto\">* categoria en la que quieres jugar<\/div>\n<div dir=\"auto\">* tu n\u00famero de tel\u00e9fono<\/div>\n<div dir=\"auto\">* \u00daltimo d\u00eda de registro es el 24\/3<\/div>\n<div dir=\"auto\">* Precio: 25 \u20ac\/persona, incluye pack de bienvenida, paella el s\u00e1bado y jugar al padel<\/div>\n<div dir=\"auto\">* Premio al ganador en la categoria m\u00e1s alta para hombres y mujeres, tarjeta de salud de Quiron para 1 a\u00f1o. Segundo premio un blanqueamiento dental <\/div>\n<div dir=\"auto\">* Paga en nuestras instalaciones<\/div>\n<div dir=\"auto\">* Para peguntas o dudas envia un WhatsApp a +46 73-150 7049 o info@orangepadel.com<\/div>\n<\/div>\n","protected":false},"excerpt":{"rendered":"<p>Categoria: * Masculina 3,4 y 5 * Femenina 4 y 5 * Masculina veteranos de +55 a\u00f1os * Femenina veteranas de + 55 a\u00f1os ( M\u00e1ximo 16 parejas\/categoria) Informaci\u00f3n: * Se juegan los partidos con punto de oro * Todos los equipos juegan al menos 3 partidos * Se entregan a todos los participantes un<\/p>\n","protected":false},"author":4,"featured_media":7291,"parent":8024,"menu_order":3,"comment_status":"closed","ping_status":"closed","template":"","meta":{"footnotes":""},"class_list":["post-8509","page","type-page","status-publish","has-post-thumbnail","hentry"],"yoast_head":"<!-- This site is optimized with the Yoast SEO plugin v27.0 - https:\/\/yoast.com\/product\/yoast-seo-wordpress\/ -->\n<title>Torneo cuyo sponsor es Hospital Quiron Salud el 1 y 2 de Abril - Orange Padel - For the love of padel<\/title>\n<meta name=\"robots\" content=\"index, follow, max-snippet:-1, max-image-preview:large, max-video-preview:-1\" \/>\n<link rel=\"canonical\" href=\"https:\/\/orangepadel.com\/es\/actividades-eventos\/torneo-cuyo-sponsor-es-hospital-quiron-salud-el-1-y-2-de-abril\/\" \/>\n<meta property=\"og:locale\" content=\"es_ES\" \/>\n<meta property=\"og:type\" content=\"article\" \/>\n<meta property=\"og:title\" content=\"Torneo cuyo sponsor es Hospital Quiron Salud el 1 y 2 de Abril - Orange Padel - For the love of padel\" \/>\n<meta property=\"og:description\" content=\"Categoria: * Masculina 3,4 y 5 * Femenina 4 y 5 * Masculina veteranos de +55 a\u00f1os * Femenina veteranas de + 55 a\u00f1os ( M\u00e1ximo 16 parejas\/categoria) Informaci\u00f3n: * Se juegan los partidos con punto de oro * Todos los equipos juegan al menos 3 partidos * Se entregan a todos los participantes un\" \/>\n<meta property=\"og:url\" content=\"https:\/\/orangepadel.com\/es\/actividades-eventos\/torneo-cuyo-sponsor-es-hospital-quiron-salud-el-1-y-2-de-abril\/\" \/>\n<meta property=\"og:site_name\" content=\"Orange Padel - For the love of padel\" \/>\n<meta property=\"article:publisher\" content=\"https:\/\/www.facebook.com\/orangepadelspain\" \/>\n<meta name=\"twitter:card\" content=\"summary_large_image\" \/>\n<meta name=\"twitter:label1\" content=\"Tiempo de lectura\" \/>\n\t<meta name=\"twitter:data1\" content=\"1 minuto\" \/>\n<script type=\"application\/ld+json\" class=\"yoast-schema-graph\">{\"@context\":\"https:\/\/schema.org\",\"@graph\":[{\"@type\":\"WebPage\",\"@id\":\"https:\/\/orangepadel.com\/es\/actividades-eventos\/torneo-cuyo-sponsor-es-hospital-quiron-salud-el-1-y-2-de-abril\/\",\"url\":\"https:\/\/orangepadel.com\/es\/actividades-eventos\/torneo-cuyo-sponsor-es-hospital-quiron-salud-el-1-y-2-de-abril\/\",\"name\":\"Torneo cuyo sponsor es Hospital Quiron Salud el 1 y 2 de Abril - Orange Padel - For the love of padel\",\"isPartOf\":{\"@id\":\"https:\/\/orangepadel.com\/es\/#website\"},\"primaryImageOfPage\":{\"@id\":\"https:\/\/orangepadel.com\/es\/actividades-eventos\/torneo-cuyo-sponsor-es-hospital-quiron-salud-el-1-y-2-de-abril\/#primaryimage\"},\"image\":{\"@id\":\"https:\/\/orangepadel.com\/es\/actividades-eventos\/torneo-cuyo-sponsor-es-hospital-quiron-salud-el-1-y-2-de-abril\/#primaryimage\"},\"thumbnailUrl\":\"https:\/\/orangepadel.com\/wp-content\/uploads\/2023\/03\/OP-turnering.jpg\",\"datePublished\":\"2023-03-20T12:27:18+00:00\",\"breadcrumb\":{\"@id\":\"https:\/\/orangepadel.com\/es\/actividades-eventos\/torneo-cuyo-sponsor-es-hospital-quiron-salud-el-1-y-2-de-abril\/#breadcrumb\"},\"inLanguage\":\"es\",\"potentialAction\":[{\"@type\":\"ReadAction\",\"target\":[\"https:\/\/orangepadel.com\/es\/actividades-eventos\/torneo-cuyo-sponsor-es-hospital-quiron-salud-el-1-y-2-de-abril\/\"]}]},{\"@type\":\"ImageObject\",\"inLanguage\":\"es\",\"@id\":\"https:\/\/orangepadel.com\/es\/actividades-eventos\/torneo-cuyo-sponsor-es-hospital-quiron-salud-el-1-y-2-de-abril\/#primaryimage\",\"url\":\"https:\/\/orangepadel.com\/wp-content\/uploads\/2023\/03\/OP-turnering.jpg\",\"contentUrl\":\"https:\/\/orangepadel.com\/wp-content\/uploads\/2023\/03\/OP-turnering.jpg\",\"width\":526,\"height\":526,\"caption\":\"Quironsalud Padel Tournamant\"},{\"@type\":\"BreadcrumbList\",\"@id\":\"https:\/\/orangepadel.com\/es\/actividades-eventos\/torneo-cuyo-sponsor-es-hospital-quiron-salud-el-1-y-2-de-abril\/#breadcrumb\",\"itemListElement\":[{\"@type\":\"ListItem\",\"position\":1,\"name\":\"Home\",\"item\":\"https:\/\/orangepadel.com\/es\/home\/\"},{\"@type\":\"ListItem\",\"position\":2,\"name\":\"Actividades y eventos\",\"item\":\"https:\/\/orangepadel.com\/es\/actividades-eventos\/\"},{\"@type\":\"ListItem\",\"position\":3,\"name\":\"Torneo cuyo sponsor es Hospital Quiron Salud el 1 y 2 de Abril\"}]},{\"@type\":\"WebSite\",\"@id\":\"https:\/\/orangepadel.com\/es\/#website\",\"url\":\"https:\/\/orangepadel.com\/es\/\",\"name\":\"Orange Padel - For the love of padel\",\"description\":\"Padel center in Torrevieja Spain. For the love of padel\",\"publisher\":{\"@id\":\"https:\/\/orangepadel.com\/es\/#organization\"},\"potentialAction\":[{\"@type\":\"SearchAction\",\"target\":{\"@type\":\"EntryPoint\",\"urlTemplate\":\"https:\/\/orangepadel.com\/es\/?s={search_term_string}\"},\"query-input\":{\"@type\":\"PropertyValueSpecification\",\"valueRequired\":true,\"valueName\":\"search_term_string\"}}],\"inLanguage\":\"es\"},{\"@type\":\"Organization\",\"@id\":\"https:\/\/orangepadel.com\/es\/#organization\",\"name\":\"Orange Padel - For the love of padel\",\"url\":\"https:\/\/orangepadel.com\/es\/\",\"logo\":{\"@type\":\"ImageObject\",\"inLanguage\":\"es\",\"@id\":\"https:\/\/orangepadel.com\/es\/#\/schema\/logo\/image\/\",\"url\":\"https:\/\/orangepadel.com\/wp-content\/uploads\/2023\/07\/orange-padel-1000x350-1.jpg\",\"contentUrl\":\"https:\/\/orangepadel.com\/wp-content\/uploads\/2023\/07\/orange-padel-1000x350-1.jpg\",\"width\":1000,\"height\":350,\"caption\":\"Orange Padel - For the love of padel\"},\"image\":{\"@id\":\"https:\/\/orangepadel.com\/es\/#\/schema\/logo\/image\/\"},\"sameAs\":[\"https:\/\/www.facebook.com\/orangepadelspain\",\"https:\/\/www.instagram.com\/orangepadelspain\/\"]}]}<\/script>\n<!-- \/ Yoast SEO plugin. -->","yoast_head_json":{"title":"Torneo cuyo sponsor es Hospital Quiron Salud el 1 y 2 de Abril - Orange Padel - For the love of padel","robots":{"index":"index","follow":"follow","max-snippet":"max-snippet:-1","max-image-preview":"max-image-preview:large","max-video-preview":"max-video-preview:-1"},"canonical":"https:\/\/orangepadel.com\/es\/actividades-eventos\/torneo-cuyo-sponsor-es-hospital-quiron-salud-el-1-y-2-de-abril\/","og_locale":"es_ES","og_type":"article","og_title":"Torneo cuyo sponsor es Hospital Quiron Salud el 1 y 2 de Abril - Orange Padel - For the love of padel","og_description":"Categoria: * Masculina 3,4 y 5 * Femenina 4 y 5 * Masculina veteranos de +55 a\u00f1os * Femenina veteranas de + 55 a\u00f1os ( M\u00e1ximo 16 parejas\/categoria) Informaci\u00f3n: * Se juegan los partidos con punto de oro * Todos los equipos juegan al menos 3 partidos * Se entregan a todos los participantes un","og_url":"https:\/\/orangepadel.com\/es\/actividades-eventos\/torneo-cuyo-sponsor-es-hospital-quiron-salud-el-1-y-2-de-abril\/","og_site_name":"Orange Padel - For the love of padel","article_publisher":"https:\/\/www.facebook.com\/orangepadelspain","twitter_card":"summary_large_image","twitter_misc":{"Tiempo de lectura":"1 minuto"},"schema":{"@context":"https:\/\/schema.org","@graph":[{"@type":"WebPage","@id":"https:\/\/orangepadel.com\/es\/actividades-eventos\/torneo-cuyo-sponsor-es-hospital-quiron-salud-el-1-y-2-de-abril\/","url":"https:\/\/orangepadel.com\/es\/actividades-eventos\/torneo-cuyo-sponsor-es-hospital-quiron-salud-el-1-y-2-de-abril\/","name":"Torneo cuyo sponsor es Hospital Quiron Salud el 1 y 2 de Abril - Orange Padel - For the love of padel","isPartOf":{"@id":"https:\/\/orangepadel.com\/es\/#website"},"primaryImageOfPage":{"@id":"https:\/\/orangepadel.com\/es\/actividades-eventos\/torneo-cuyo-sponsor-es-hospital-quiron-salud-el-1-y-2-de-abril\/#primaryimage"},"image":{"@id":"https:\/\/orangepadel.com\/es\/actividades-eventos\/torneo-cuyo-sponsor-es-hospital-quiron-salud-el-1-y-2-de-abril\/#primaryimage"},"thumbnailUrl":"https:\/\/orangepadel.com\/wp-content\/uploads\/2023\/03\/OP-turnering.jpg","datePublished":"2023-03-20T12:27:18+00:00","breadcrumb":{"@id":"https:\/\/orangepadel.com\/es\/actividades-eventos\/torneo-cuyo-sponsor-es-hospital-quiron-salud-el-1-y-2-de-abril\/#breadcrumb"},"inLanguage":"es","potentialAction":[{"@type":"ReadAction","target":["https:\/\/orangepadel.com\/es\/actividades-eventos\/torneo-cuyo-sponsor-es-hospital-quiron-salud-el-1-y-2-de-abril\/"]}]},{"@type":"ImageObject","inLanguage":"es","@id":"https:\/\/orangepadel.com\/es\/actividades-eventos\/torneo-cuyo-sponsor-es-hospital-quiron-salud-el-1-y-2-de-abril\/#primaryimage","url":"https:\/\/orangepadel.com\/wp-content\/uploads\/2023\/03\/OP-turnering.jpg","contentUrl":"https:\/\/orangepadel.com\/wp-content\/uploads\/2023\/03\/OP-turnering.jpg","width":526,"height":526,"caption":"Quironsalud Padel Tournamant"},{"@type":"BreadcrumbList","@id":"https:\/\/orangepadel.com\/es\/actividades-eventos\/torneo-cuyo-sponsor-es-hospital-quiron-salud-el-1-y-2-de-abril\/#breadcrumb","itemListElement":[{"@type":"ListItem","position":1,"name":"Home","item":"https:\/\/orangepadel.com\/es\/home\/"},{"@type":"ListItem","position":2,"name":"Actividades y eventos","item":"https:\/\/orangepadel.com\/es\/actividades-eventos\/"},{"@type":"ListItem","position":3,"name":"Torneo cuyo sponsor es Hospital Quiron Salud el 1 y 2 de Abril"}]},{"@type":"WebSite","@id":"https:\/\/orangepadel.com\/es\/#website","url":"https:\/\/orangepadel.com\/es\/","name":"Orange Padel - For the love of padel","description":"Padel center in Torrevieja Spain. For the love of padel","publisher":{"@id":"https:\/\/orangepadel.com\/es\/#organization"},"potentialAction":[{"@type":"SearchAction","target":{"@type":"EntryPoint","urlTemplate":"https:\/\/orangepadel.com\/es\/?s={search_term_string}"},"query-input":{"@type":"PropertyValueSpecification","valueRequired":true,"valueName":"search_term_string"}}],"inLanguage":"es"},{"@type":"Organization","@id":"https:\/\/orangepadel.com\/es\/#organization","name":"Orange Padel - For the love of padel","url":"https:\/\/orangepadel.com\/es\/","logo":{"@type":"ImageObject","inLanguage":"es","@id":"https:\/\/orangepadel.com\/es\/#\/schema\/logo\/image\/","url":"https:\/\/orangepadel.com\/wp-content\/uploads\/2023\/07\/orange-padel-1000x350-1.jpg","contentUrl":"https:\/\/orangepadel.com\/wp-content\/uploads\/2023\/07\/orange-padel-1000x350-1.jpg","width":1000,"height":350,"caption":"Orange Padel - For the love of padel"},"image":{"@id":"https:\/\/orangepadel.com\/es\/#\/schema\/logo\/image\/"},"sameAs":["https:\/\/www.facebook.com\/orangepadelspain","https:\/\/www.instagram.com\/orangepadelspain\/"]}]}},"_links":{"self":[{"href":"https:\/\/orangepadel.com\/es\/wp-json\/wp\/v2\/pages\/8509","targetHints":{"allow":["GET"]}}],"collection":[{"href":"https:\/\/orangepadel.com\/es\/wp-json\/wp\/v2\/pages"}],"about":[{"href":"https:\/\/orangepadel.com\/es\/wp-json\/wp\/v2\/types\/page"}],"author":[{"embeddable":true,"href":"https:\/\/orangepadel.com\/es\/wp-json\/wp\/v2\/users\/4"}],"replies":[{"embeddable":true,"href":"https:\/\/orangepadel.com\/es\/wp-json\/wp\/v2\/comments?post=8509"}],"version-history":[{"count":0,"href":"https:\/\/orangepadel.com\/es\/wp-json\/wp\/v2\/pages\/8509\/revisions"}],"up":[{"embeddable":true,"href":"https:\/\/orangepadel.com\/es\/wp-json\/wp\/v2\/pages\/8024"}],"wp:featuredmedia":[{"embeddable":true,"href":"https:\/\/orangepadel.com\/es\/wp-json\/wp\/v2\/media\/7291"}],"wp:attachment":[{"href":"https:\/\/orangepadel.com\/es\/wp-json\/wp\/v2\/media?parent=8509"}],"curies":[{"name":"wp","href":"https:\/\/api.w.org\/{rel}","templated":true}]}}